{"id":8190,"date":"2025-08-15T16:21:04","date_gmt":"2025-08-15T16:21:04","guid":{"rendered":"https:\/\/easp.org.br\/butiko\/?post_type=product&#038;p=8190"},"modified":"2025-09-28T10:35:42","modified_gmt":"2025-09-28T10:35:42","slug":"mi-revenis","status":"publish","type":"product","link":"https:\/\/easp.org.br\/butiko\/produto\/mi-revenis\/","title":{"rendered":"Mi revenis"},"content":{"rendered":"<p>Antes da morte, tudo me parecia infinitamente simples!<\/p>\n<p>Se a vida continua, para onde vai o Esp\u00edrito depois da morte? Atrav\u00e9s da psicografia do m\u00e9dium Francisco C\u00e2ndido Xavier, o Esp\u00edrito Irm\u00e3o Jacob relata suas experi\u00eancias na vida ap\u00f3s a morte e exp\u00f5e temas como a separa\u00e7\u00e3o do corpo f\u00edsico, a troca do m\u00e9dium, a readapta\u00e7\u00e3o \u00e0 nova vida e o reencontro com familiares e amigos.<\/p>\n","protected":false},"excerpt":{"rendered":"<p>Antes da morte, tudo me parecia infinitamente simples! Se a vida continua, para onde vai o Esp\u00edrito depois da morte? Atrav\u00e9s da psicografia do m\u00e9dium Francisco C\u00e2ndido Xavier, o Esp\u00edrito Irm\u00e3o Jacob relata suas experi\u00eancias na vida ap\u00f3s a morte e exp\u00f5e temas como a separa\u00e7\u00e3o do corpo f\u00edsico, a troca do m\u00e9dium, a readapta\u00e7\u00e3o [&hellip;]<\/p>\n","protected":false},"featured_media":8191,"comment_status":"open","ping_status":"closed","template":"","meta":[],"product_brand":[],"product_cat":[24],"product_tag":[],"class_list":{"0":"post-8190","1":"product","2":"type-product","3":"status-publish","4":"has-post-thumbnail","6":"product_cat-religio","7":"product_shipping_class-livros","9":"first","10":"instock","11":"taxable","12":"shipping-taxable","13":"purchasable","14":"product-type-simple"},"_links":{"self":[{"href":"https:\/\/easp.org.br\/butiko\/wp-json\/wp\/v2\/product\/8190","targetHints":{"allow":["GET"]}}],"collection":[{"href":"https:\/\/easp.org.br\/butiko\/wp-json\/wp\/v2\/product"}],"about":[{"href":"https:\/\/easp.org.br\/butiko\/wp-json\/wp\/v2\/types\/product"}],"replies":[{"embeddable":true,"href":"https:\/\/easp.org.br\/butiko\/wp-json\/wp\/v2\/comments?post=8190"}],"wp:featuredmedia":[{"embeddable":true,"href":"https:\/\/easp.org.br\/butiko\/wp-json\/wp\/v2\/media\/8191"}],"wp:attachment":[{"href":"https:\/\/easp.org.br\/butiko\/wp-json\/wp\/v2\/media?parent=8190"}],"wp:term":[{"taxonomy":"product_brand","embeddable":true,"href":"https:\/\/easp.org.br\/butiko\/wp-json\/wp\/v2\/product_brand?post=8190"},{"taxonomy":"product_cat","embeddable":true,"href":"https:\/\/easp.org.br\/butiko\/wp-json\/wp\/v2\/product_cat?post=8190"},{"taxonomy":"product_tag","embeddable":true,"href":"https:\/\/easp.org.br\/butiko\/wp-json\/wp\/v2\/product_tag?post=8190"}],"curies":[{"name":"wp","href":"https:\/\/api.w.org\/{rel}","templated":true}]}}