{"id":8161,"date":"2025-07-17T17:53:17","date_gmt":"2025-07-17T17:53:17","guid":{"rendered":"https:\/\/easp.org.br\/butiko\/?post_type=product&#038;p=8161"},"modified":"2026-02-06T17:20:30","modified_gmt":"2026-02-06T17:20:30","slug":"negrinjo-kaj-aliaj-noveloj","status":"publish","type":"product","link":"https:\/\/easp.org.br\/butiko\/produto\/negrinjo-kaj-aliaj-noveloj\/","title":{"rendered":"Negrinjo kaj aliaj noveloj"},"content":{"rendered":"<p>Cole\u00e7\u00e3o de sete contos, situados no in\u00edcio do s\u00e9culo 20, que abrangem desde a com\u00e9dia at\u00e9 a trag\u00e9dia, e refletem o estilo pr\u00e9-modernista do autor.<\/p>\n","protected":false},"excerpt":{"rendered":"<p>Cole\u00e7\u00e3o de sete contos, situados no in\u00edcio do s\u00e9culo 20, que abrangem desde a com\u00e9dia at\u00e9 a trag\u00e9dia, e refletem o estilo pr\u00e9-modernista do autor.<\/p>\n","protected":false},"featured_media":8162,"comment_status":"open","ping_status":"closed","template":"","meta":[],"product_brand":[],"product_cat":[50],"product_tag":[],"class_list":{"0":"post-8161","1":"product","2":"type-product","3":"status-publish","4":"has-post-thumbnail","6":"product_cat-rakonto","7":"product_shipping_class-livros","9":"first","10":"instock","11":"taxable","12":"shipping-taxable","13":"purchasable","14":"product-type-simple"},"_links":{"self":[{"href":"https:\/\/easp.org.br\/butiko\/wp-json\/wp\/v2\/product\/8161","targetHints":{"allow":["GET"]}}],"collection":[{"href":"https:\/\/easp.org.br\/butiko\/wp-json\/wp\/v2\/product"}],"about":[{"href":"https:\/\/easp.org.br\/butiko\/wp-json\/wp\/v2\/types\/product"}],"replies":[{"embeddable":true,"href":"https:\/\/easp.org.br\/butiko\/wp-json\/wp\/v2\/comments?post=8161"}],"wp:featuredmedia":[{"embeddable":true,"href":"https:\/\/easp.org.br\/butiko\/wp-json\/wp\/v2\/media\/8162"}],"wp:attachment":[{"href":"https:\/\/easp.org.br\/butiko\/wp-json\/wp\/v2\/media?parent=8161"}],"wp:term":[{"taxonomy":"product_brand","embeddable":true,"href":"https:\/\/easp.org.br\/butiko\/wp-json\/wp\/v2\/product_brand?post=8161"},{"taxonomy":"product_cat","embeddable":true,"href":"https:\/\/easp.org.br\/butiko\/wp-json\/wp\/v2\/product_cat?post=8161"},{"taxonomy":"product_tag","embeddable":true,"href":"https:\/\/easp.org.br\/butiko\/wp-json\/wp\/v2\/product_tag?post=8161"}],"curies":[{"name":"wp","href":"https:\/\/api.w.org\/{rel}","templated":true}]}}