{"id":8009,"date":"2025-05-12T11:28:40","date_gmt":"2025-05-12T11:28:40","guid":{"rendered":"https:\/\/easp.org.br\/butiko\/?post_type=product&#038;p=8009"},"modified":"2026-04-13T20:22:31","modified_gmt":"2026-04-13T20:22:31","slug":"morto-sur-la-relikvo","status":"publish","type":"product","link":"https:\/\/easp.org.br\/butiko\/produto\/morto-sur-la-relikvo\/","title":{"rendered":"Morto sur la relikvo"},"content":{"rendered":"<p>Na antiga cidade de Reims, onde hist\u00f3ria e mist\u00e9rio se entrela\u00e7am, a mitra de S\u00e3o Rem\u00edgio desaparece, deixando um rasto de perigos e segredos. Um assassinato aos p\u00e9s de um altar mergulha o detetive Paulo em um mundo complicado de motivos ocultos, sociedades secretas e profecias antigas. Como cada pessoa envolvida parece esconder algo, a busca pela verdade torna-se um jogo mortal onde o passado amea\u00e7a o presente e nada \u00e9 o que parece. Ser\u00e1 que Paulo resolver\u00e1 o enigma antes que seja tarde demais?<\/p>\n","protected":false},"excerpt":{"rendered":"<p>Romance de suspense com fundo hist\u00f3rico originalmente escrito em Esperanto.<\/p>\n<hr \/>\n<p><em>Ao adquirir esta obra, voc\u00ea estar\u00e1 apoiando o <strong>Fundo Educa\u00e7\u00e3o<\/strong> do <a href=\"https:\/\/pma.brazilo.org\">Programa Meu Amigo<\/a>, que tem sua base institucional na EASP \u2013 80% da arrecada\u00e7\u00e3o das vendas vai diretamente para este fundo.<\/em><\/p>\n","protected":false},"featured_media":8010,"comment_status":"open","ping_status":"closed","template":"","meta":[],"product_brand":[],"product_cat":[23],"product_tag":[],"class_list":{"0":"post-8009","1":"product","2":"type-product","3":"status-publish","4":"has-post-thumbnail","6":"product_cat-romano","7":"product_shipping_class-livros","9":"first","10":"instock","11":"featured","12":"taxable","13":"shipping-taxable","14":"purchasable","15":"product-type-simple"},"_links":{"self":[{"href":"https:\/\/easp.org.br\/butiko\/wp-json\/wp\/v2\/product\/8009","targetHints":{"allow":["GET"]}}],"collection":[{"href":"https:\/\/easp.org.br\/butiko\/wp-json\/wp\/v2\/product"}],"about":[{"href":"https:\/\/easp.org.br\/butiko\/wp-json\/wp\/v2\/types\/product"}],"replies":[{"embeddable":true,"href":"https:\/\/easp.org.br\/butiko\/wp-json\/wp\/v2\/comments?post=8009"}],"wp:featuredmedia":[{"embeddable":true,"href":"https:\/\/easp.org.br\/butiko\/wp-json\/wp\/v2\/media\/8010"}],"wp:attachment":[{"href":"https:\/\/easp.org.br\/butiko\/wp-json\/wp\/v2\/media?parent=8009"}],"wp:term":[{"taxonomy":"product_brand","embeddable":true,"href":"https:\/\/easp.org.br\/butiko\/wp-json\/wp\/v2\/product_brand?post=8009"},{"taxonomy":"product_cat","embeddable":true,"href":"https:\/\/easp.org.br\/butiko\/wp-json\/wp\/v2\/product_cat?post=8009"},{"taxonomy":"product_tag","embeddable":true,"href":"https:\/\/easp.org.br\/butiko\/wp-json\/wp\/v2\/product_tag?post=8009"}],"curies":[{"name":"wp","href":"https:\/\/api.w.org\/{rel}","templated":true}]}}