{"id":8007,"date":"2025-05-12T11:41:37","date_gmt":"2025-05-12T11:41:37","guid":{"rendered":"https:\/\/easp.org.br\/butiko\/?post_type=product&#038;p=8007"},"modified":"2026-01-17T00:35:27","modified_gmt":"2026-01-17T00:35:27","slug":"ribelema-raupeto-la","status":"publish","type":"product","link":"https:\/\/easp.org.br\/butiko\/produto\/ribelema-raupeto-la\/","title":{"rendered":"Ribelema Ra\u016dpeto, La"},"content":{"rendered":"<p>Lala ainda \u00e9 uma jovem lagarta. Por\u00e9m, j\u00e1 quer voar!<br \/>\nPara isso, ela decidiu construir asas para si mesma.<br \/>\nA M\u00e3e Natureza n\u00e3o gosta dessa rebeli\u00e3o, porque as lagartas t\u00eam que<br \/>\nesperar o momento certo para se transformarem em lindas borboletas.<br \/>\nMas Lala \u00e9 impaciente, rebelde e desobediente, e teimosa em seus desejos.<br \/>\nSer\u00e1 que Lala conseguir\u00e1 se transformar em uma lagarta com asas?<br \/>\n\u00c9 certo rebelar-se contra as decis\u00f5es da M\u00e3e Natureza?<\/p>\n","protected":false},"excerpt":{"rendered":"<p>Lala ainda \u00e9 uma jovem lagarta. Por\u00e9m, j\u00e1 quer voar! Para isso, ela decidiu construir asas para si mesma. A M\u00e3e Natureza n\u00e3o gosta dessa rebeli\u00e3o, porque as lagartas t\u00eam que esperar o momento certo para se transformarem em lindas borboletas. Mas Lala \u00e9 impaciente, rebelde e desobediente, e teimosa em seus desejos. Ser\u00e1 que [&hellip;]<\/p>\n","protected":false},"featured_media":8011,"comment_status":"open","ping_status":"closed","template":"","meta":[],"product_brand":[],"product_cat":[49],"product_tag":[],"class_list":{"0":"post-8007","1":"product","2":"type-product","3":"status-publish","4":"has-post-thumbnail","6":"product_cat-infanto-juvenil","7":"product_shipping_class-livros","9":"first","10":"instock","11":"taxable","12":"shipping-taxable","13":"purchasable","14":"product-type-simple"},"_links":{"self":[{"href":"https:\/\/easp.org.br\/butiko\/wp-json\/wp\/v2\/product\/8007","targetHints":{"allow":["GET"]}}],"collection":[{"href":"https:\/\/easp.org.br\/butiko\/wp-json\/wp\/v2\/product"}],"about":[{"href":"https:\/\/easp.org.br\/butiko\/wp-json\/wp\/v2\/types\/product"}],"replies":[{"embeddable":true,"href":"https:\/\/easp.org.br\/butiko\/wp-json\/wp\/v2\/comments?post=8007"}],"wp:featuredmedia":[{"embeddable":true,"href":"https:\/\/easp.org.br\/butiko\/wp-json\/wp\/v2\/media\/8011"}],"wp:attachment":[{"href":"https:\/\/easp.org.br\/butiko\/wp-json\/wp\/v2\/media?parent=8007"}],"wp:term":[{"taxonomy":"product_brand","embeddable":true,"href":"https:\/\/easp.org.br\/butiko\/wp-json\/wp\/v2\/product_brand?post=8007"},{"taxonomy":"product_cat","embeddable":true,"href":"https:\/\/easp.org.br\/butiko\/wp-json\/wp\/v2\/product_cat?post=8007"},{"taxonomy":"product_tag","embeddable":true,"href":"https:\/\/easp.org.br\/butiko\/wp-json\/wp\/v2\/product_tag?post=8007"}],"curies":[{"name":"wp","href":"https:\/\/api.w.org\/{rel}","templated":true}]}}