{"id":7998,"date":"2025-04-20T18:29:27","date_gmt":"2025-04-20T18:29:27","guid":{"rendered":"https:\/\/easp.org.br\/butiko\/?post_type=product&#038;p=7998"},"modified":"2025-11-21T01:07:05","modified_gmt":"2025-11-21T01:07:05","slug":"esperanto-lingua-internacional-neutra-auxiliar","status":"publish","type":"product","link":"https:\/\/easp.org.br\/butiko\/produto\/esperanto-lingua-internacional-neutra-auxiliar\/","title":{"rendered":"Esperanto l\u00edngua internacional neutra auxiliar"},"content":{"rendered":"<p>Brochura elaborada pela editora Lorenz, visando divulga\u00e7\u00e3o do Esperanto, em comemora\u00e7\u00e3o ao Jubileu de 50 anos.<\/p>\n","protected":false},"excerpt":{"rendered":"<p>Brochura elaborada pela editora Lorenz, visando divulga\u00e7\u00e3o do Esperanto, em comemora\u00e7\u00e3o ao Jubileu de 50 anos.<\/p>\n","protected":false},"featured_media":8000,"comment_status":"open","ping_status":"closed","template":"","meta":[],"product_brand":[],"product_cat":[82,91],"product_tag":[],"class_list":{"0":"post-7998","1":"product","2":"type-product","3":"status-publish","4":"has-post-thumbnail","6":"product_cat-destaque","7":"product_cat-revista","8":"product_shipping_class-livros","10":"first","11":"instock","12":"taxable","13":"shipping-taxable","14":"purchasable","15":"product-type-simple"},"_links":{"self":[{"href":"https:\/\/easp.org.br\/butiko\/wp-json\/wp\/v2\/product\/7998","targetHints":{"allow":["GET"]}}],"collection":[{"href":"https:\/\/easp.org.br\/butiko\/wp-json\/wp\/v2\/product"}],"about":[{"href":"https:\/\/easp.org.br\/butiko\/wp-json\/wp\/v2\/types\/product"}],"replies":[{"embeddable":true,"href":"https:\/\/easp.org.br\/butiko\/wp-json\/wp\/v2\/comments?post=7998"}],"wp:featuredmedia":[{"embeddable":true,"href":"https:\/\/easp.org.br\/butiko\/wp-json\/wp\/v2\/media\/8000"}],"wp:attachment":[{"href":"https:\/\/easp.org.br\/butiko\/wp-json\/wp\/v2\/media?parent=7998"}],"wp:term":[{"taxonomy":"product_brand","embeddable":true,"href":"https:\/\/easp.org.br\/butiko\/wp-json\/wp\/v2\/product_brand?post=7998"},{"taxonomy":"product_cat","embeddable":true,"href":"https:\/\/easp.org.br\/butiko\/wp-json\/wp\/v2\/product_cat?post=7998"},{"taxonomy":"product_tag","embeddable":true,"href":"https:\/\/easp.org.br\/butiko\/wp-json\/wp\/v2\/product_tag?post=7998"}],"curies":[{"name":"wp","href":"https:\/\/api.w.org\/{rel}","templated":true}]}}