{"id":7914,"date":"2025-02-02T22:27:10","date_gmt":"2025-02-02T22:27:10","guid":{"rendered":"https:\/\/easp.org.br\/butiko\/?post_type=product&#038;p=7914"},"modified":"2026-01-14T14:27:22","modified_gmt":"2026-01-14T14:27:22","slug":"kinkas-borba","status":"publish","type":"product","link":"https:\/\/easp.org.br\/butiko\/produto\/kinkas-borba\/","title":{"rendered":"Kinkas Borba"},"content":{"rendered":"<p>Quincas Borba \u00e9 um romance de Machado de Assis que conta a hist\u00f3ria de Rubi\u00e3o, um professor que se torna rico ap\u00f3s receber a heran\u00e7a do fil\u00f3sofo Quincas Borba. O livro explora temas como a maldade humana, a explora\u00e7\u00e3o e a moderniza\u00e7\u00e3o da sociedade brasileira.<\/p>\n","protected":false},"excerpt":{"rendered":"<p>EASP orgulhosamente entrega ao p\u00fablico esperantista mais uma obra de Machado de Assis, esta traduzida por Francisco Stefano Wechsler. <em>Kinkas Borb<\/em>a, nas palavras do tradutor, \u00e9 uma galeria de malandros, onde Machado ridiculariza e disseca os personagens da \u00e9poca.<\/p>\n","protected":false},"featured_media":7915,"comment_status":"open","ping_status":"closed","template":"","meta":[],"product_brand":[],"product_cat":[23],"product_tag":[],"class_list":{"0":"post-7914","1":"product","2":"type-product","3":"status-publish","4":"has-post-thumbnail","6":"product_cat-romano","7":"product_shipping_class-livros","9":"first","10":"instock","11":"featured","12":"shipping-taxable","13":"purchasable","14":"product-type-simple"},"_links":{"self":[{"href":"https:\/\/easp.org.br\/butiko\/wp-json\/wp\/v2\/product\/7914","targetHints":{"allow":["GET"]}}],"collection":[{"href":"https:\/\/easp.org.br\/butiko\/wp-json\/wp\/v2\/product"}],"about":[{"href":"https:\/\/easp.org.br\/butiko\/wp-json\/wp\/v2\/types\/product"}],"replies":[{"embeddable":true,"href":"https:\/\/easp.org.br\/butiko\/wp-json\/wp\/v2\/comments?post=7914"}],"wp:featuredmedia":[{"embeddable":true,"href":"https:\/\/easp.org.br\/butiko\/wp-json\/wp\/v2\/media\/7915"}],"wp:attachment":[{"href":"https:\/\/easp.org.br\/butiko\/wp-json\/wp\/v2\/media?parent=7914"}],"wp:term":[{"taxonomy":"product_brand","embeddable":true,"href":"https:\/\/easp.org.br\/butiko\/wp-json\/wp\/v2\/product_brand?post=7914"},{"taxonomy":"product_cat","embeddable":true,"href":"https:\/\/easp.org.br\/butiko\/wp-json\/wp\/v2\/product_cat?post=7914"},{"taxonomy":"product_tag","embeddable":true,"href":"https:\/\/easp.org.br\/butiko\/wp-json\/wp\/v2\/product_tag?post=7914"}],"curies":[{"name":"wp","href":"https:\/\/api.w.org\/{rel}","templated":true}]}}