{"id":7790,"date":"2025-01-25T00:46:42","date_gmt":"2025-01-25T00:46:42","guid":{"rendered":"https:\/\/easp.org.br\/butiko\/?post_type=product&#038;p=7790"},"modified":"2026-03-10T02:07:34","modified_gmt":"2026-03-10T02:07:34","slug":"post-la-morto-2","status":"publish","type":"product","link":"https:\/\/easp.org.br\/butiko\/produto\/post-la-morto-2\/","title":{"rendered":"Post la morto"},"content":{"rendered":"<p>Tese de comprova\u00e7\u00e3o de que h\u00e1 vida ap\u00f3s a morte sempre foi pensamento corrente na hist\u00f3ria da humanidade, agora em Esperanto<\/p>\n","protected":false},"excerpt":{"rendered":"<p>Tese de comprova\u00e7\u00e3o de que h\u00e1 vida ap\u00f3s a morte sempre foi pensamento corrente na hist\u00f3ria da humanidade, agora em Esperanto<\/p>\n","protected":false},"featured_media":7678,"comment_status":"open","ping_status":"closed","template":"","meta":[],"product_brand":[],"product_cat":[24],"product_tag":[],"class_list":{"0":"post-7790","1":"product","2":"type-product","3":"status-publish","4":"has-post-thumbnail","6":"product_cat-religio","7":"product_shipping_class-livros","9":"first","10":"outofstock","11":"taxable","12":"shipping-taxable","13":"purchasable","14":"product-type-simple"},"_links":{"self":[{"href":"https:\/\/easp.org.br\/butiko\/wp-json\/wp\/v2\/product\/7790","targetHints":{"allow":["GET"]}}],"collection":[{"href":"https:\/\/easp.org.br\/butiko\/wp-json\/wp\/v2\/product"}],"about":[{"href":"https:\/\/easp.org.br\/butiko\/wp-json\/wp\/v2\/types\/product"}],"replies":[{"embeddable":true,"href":"https:\/\/easp.org.br\/butiko\/wp-json\/wp\/v2\/comments?post=7790"}],"wp:featuredmedia":[{"embeddable":true,"href":"https:\/\/easp.org.br\/butiko\/wp-json\/wp\/v2\/media\/7678"}],"wp:attachment":[{"href":"https:\/\/easp.org.br\/butiko\/wp-json\/wp\/v2\/media?parent=7790"}],"wp:term":[{"taxonomy":"product_brand","embeddable":true,"href":"https:\/\/easp.org.br\/butiko\/wp-json\/wp\/v2\/product_brand?post=7790"},{"taxonomy":"product_cat","embeddable":true,"href":"https:\/\/easp.org.br\/butiko\/wp-json\/wp\/v2\/product_cat?post=7790"},{"taxonomy":"product_tag","embeddable":true,"href":"https:\/\/easp.org.br\/butiko\/wp-json\/wp\/v2\/product_tag?post=7790"}],"curies":[{"name":"wp","href":"https:\/\/api.w.org\/{rel}","templated":true}]}}