{"id":7789,"date":"2025-01-25T00:46:42","date_gmt":"2025-01-25T00:46:42","guid":{"rendered":"https:\/\/easp.org.br\/butiko\/?post_type=product&#038;p=7789"},"modified":"2025-02-19T13:50:34","modified_gmt":"2025-02-19T13:50:34","slug":"vintra-rikolto-2","status":"publish","type":"product","link":"https:\/\/easp.org.br\/butiko\/produto\/vintra-rikolto-2\/","title":{"rendered":"Vintra Rikolto"},"content":{"rendered":"<p><iframe loading=\"lazy\" title=\"MOV01970\" width=\"500\" height=\"375\" src=\"https:\/\/www.youtube.com\/embed\/EYjrAk44P3Y?start=2&#038;feature=oembed\" frameborder=\"0\" allow=\"accelerometer; autoplay; clipboard-write; encrypted-media; gyroscope; picture-in-picture; web-share\" referrerpolicy=\"strict-origin-when-cross-origin\" allowfullscreen><\/iframe><\/p>\n<p>Compila\u00e7\u00e3o das principais palestras, artigos e outros escritos do autor nas \u00faltimas d\u00e9cadas<\/p>\n","protected":false},"excerpt":{"rendered":"<p>Compila\u00e7\u00e3o das principais palestras, artigos e outros escritos do autor nas \u00faltimas d\u00e9cadas<\/p>\n","protected":false},"featured_media":7685,"comment_status":"open","ping_status":"closed","template":"","meta":[],"product_brand":[],"product_cat":[54],"product_tag":[],"class_list":{"0":"post-7789","1":"product","2":"type-product","3":"status-publish","4":"has-post-thumbnail","6":"product_cat-nao-ficcao","7":"product_shipping_class-livros","9":"first","10":"instock","11":"taxable","12":"shipping-taxable","13":"purchasable","14":"product-type-simple"},"_links":{"self":[{"href":"https:\/\/easp.org.br\/butiko\/wp-json\/wp\/v2\/product\/7789","targetHints":{"allow":["GET"]}}],"collection":[{"href":"https:\/\/easp.org.br\/butiko\/wp-json\/wp\/v2\/product"}],"about":[{"href":"https:\/\/easp.org.br\/butiko\/wp-json\/wp\/v2\/types\/product"}],"replies":[{"embeddable":true,"href":"https:\/\/easp.org.br\/butiko\/wp-json\/wp\/v2\/comments?post=7789"}],"wp:featuredmedia":[{"embeddable":true,"href":"https:\/\/easp.org.br\/butiko\/wp-json\/wp\/v2\/media\/7685"}],"wp:attachment":[{"href":"https:\/\/easp.org.br\/butiko\/wp-json\/wp\/v2\/media?parent=7789"}],"wp:term":[{"taxonomy":"product_brand","embeddable":true,"href":"https:\/\/easp.org.br\/butiko\/wp-json\/wp\/v2\/product_brand?post=7789"},{"taxonomy":"product_cat","embeddable":true,"href":"https:\/\/easp.org.br\/butiko\/wp-json\/wp\/v2\/product_cat?post=7789"},{"taxonomy":"product_tag","embeddable":true,"href":"https:\/\/easp.org.br\/butiko\/wp-json\/wp\/v2\/product_tag?post=7789"}],"curies":[{"name":"wp","href":"https:\/\/api.w.org\/{rel}","templated":true}]}}