{"id":7779,"date":"2025-01-25T00:46:41","date_gmt":"2025-01-25T00:46:41","guid":{"rendered":"https:\/\/easp.org.br\/butiko\/?post_type=product&#038;p=7779"},"modified":"2025-01-29T20:30:25","modified_gmt":"2025-01-29T20:30:25","slug":"salutu-la-sinjorinon-2","status":"publish","type":"product","link":"https:\/\/easp.org.br\/butiko\/produto\/salutu-la-sinjorinon-2\/","title":{"rendered":"Salutu la sinjorinon"},"content":{"rendered":"<p>Primeiro \u00e1lbum, em Esperanto, desta hist\u00f3ria em quadrinhos popular na Fran\u00e7a.<\/p>\n","protected":false},"excerpt":{"rendered":"<p>Primeiro \u00e1lbum, em Esperanto, desta hist\u00f3ria em quadrinhos popular na Fran\u00e7a.<\/p>\n","protected":false},"featured_media":7687,"comment_status":"open","ping_status":"closed","template":"","meta":[],"product_brand":[],"product_cat":[55],"product_tag":[],"class_list":{"0":"post-7779","1":"product","2":"type-product","3":"status-publish","4":"has-post-thumbnail","6":"product_cat-quadrinhos","7":"product_shipping_class-livros","9":"first","10":"instock","11":"taxable","12":"shipping-taxable","13":"purchasable","14":"product-type-simple"},"_links":{"self":[{"href":"https:\/\/easp.org.br\/butiko\/wp-json\/wp\/v2\/product\/7779","targetHints":{"allow":["GET"]}}],"collection":[{"href":"https:\/\/easp.org.br\/butiko\/wp-json\/wp\/v2\/product"}],"about":[{"href":"https:\/\/easp.org.br\/butiko\/wp-json\/wp\/v2\/types\/product"}],"replies":[{"embeddable":true,"href":"https:\/\/easp.org.br\/butiko\/wp-json\/wp\/v2\/comments?post=7779"}],"wp:featuredmedia":[{"embeddable":true,"href":"https:\/\/easp.org.br\/butiko\/wp-json\/wp\/v2\/media\/7687"}],"wp:attachment":[{"href":"https:\/\/easp.org.br\/butiko\/wp-json\/wp\/v2\/media?parent=7779"}],"wp:term":[{"taxonomy":"product_brand","embeddable":true,"href":"https:\/\/easp.org.br\/butiko\/wp-json\/wp\/v2\/product_brand?post=7779"},{"taxonomy":"product_cat","embeddable":true,"href":"https:\/\/easp.org.br\/butiko\/wp-json\/wp\/v2\/product_cat?post=7779"},{"taxonomy":"product_tag","embeddable":true,"href":"https:\/\/easp.org.br\/butiko\/wp-json\/wp\/v2\/product_tag?post=7779"}],"curies":[{"name":"wp","href":"https:\/\/api.w.org\/{rel}","templated":true}]}}