{"id":7778,"date":"2025-01-25T00:46:41","date_gmt":"2025-01-25T00:46:41","guid":{"rendered":"https:\/\/easp.org.br\/butiko\/?post_type=product&#038;p=7778"},"modified":"2026-03-30T11:07:23","modified_gmt":"2026-03-30T11:07:23","slug":"rego-de-la-teroro-la-2","status":"publish","type":"product","link":"https:\/\/easp.org.br\/butiko\/produto\/rego-de-la-teroro-la-2\/","title":{"rendered":"Re\u011do de la teroro, La"},"content":{"rendered":"<p>Primeiro \u00e1lbum da s\u00e9rie de HQ italiana Diabolik, traduzida para v\u00e1rias l\u00ednguas, agora tamb\u00e9m em Esperanto<\/p>\n","protected":false},"excerpt":{"rendered":"<p>Primeiro \u00e1lbum da s\u00e9rie de HQ italiana Diabolik, traduzida para v\u00e1rias l\u00ednguas, agora tamb\u00e9m em Esperanto<\/p>\n","protected":false},"featured_media":7901,"comment_status":"open","ping_status":"closed","template":"","meta":[],"product_brand":[],"product_cat":[55],"product_tag":[],"class_list":{"0":"post-7778","1":"product","2":"type-product","3":"status-publish","4":"has-post-thumbnail","6":"product_cat-quadrinhos","7":"product_shipping_class-livros","9":"first","10":"instock","11":"taxable","12":"shipping-taxable","13":"purchasable","14":"product-type-simple"},"_links":{"self":[{"href":"https:\/\/easp.org.br\/butiko\/wp-json\/wp\/v2\/product\/7778","targetHints":{"allow":["GET"]}}],"collection":[{"href":"https:\/\/easp.org.br\/butiko\/wp-json\/wp\/v2\/product"}],"about":[{"href":"https:\/\/easp.org.br\/butiko\/wp-json\/wp\/v2\/types\/product"}],"replies":[{"embeddable":true,"href":"https:\/\/easp.org.br\/butiko\/wp-json\/wp\/v2\/comments?post=7778"}],"wp:featuredmedia":[{"embeddable":true,"href":"https:\/\/easp.org.br\/butiko\/wp-json\/wp\/v2\/media\/7901"}],"wp:attachment":[{"href":"https:\/\/easp.org.br\/butiko\/wp-json\/wp\/v2\/media?parent=7778"}],"wp:term":[{"taxonomy":"product_brand","embeddable":true,"href":"https:\/\/easp.org.br\/butiko\/wp-json\/wp\/v2\/product_brand?post=7778"},{"taxonomy":"product_cat","embeddable":true,"href":"https:\/\/easp.org.br\/butiko\/wp-json\/wp\/v2\/product_cat?post=7778"},{"taxonomy":"product_tag","embeddable":true,"href":"https:\/\/easp.org.br\/butiko\/wp-json\/wp\/v2\/product_tag?post=7778"}],"curies":[{"name":"wp","href":"https:\/\/api.w.org\/{rel}","templated":true}]}}