{"id":7771,"date":"2025-01-25T00:46:39","date_gmt":"2025-01-25T00:46:39","guid":{"rendered":"https:\/\/easp.org.br\/butiko\/?post_type=product&#038;p=7771"},"modified":"2025-05-14T21:56:23","modified_gmt":"2025-05-14T21:56:23","slug":"lupo-alberto-2","status":"publish","type":"product","link":"https:\/\/easp.org.br\/butiko\/produto\/lupo-alberto-2\/","title":{"rendered":"Lupo Alberto"},"content":{"rendered":"<p>Hist\u00f3ria em quadrinhos popular na It\u00e1lia, sobre uma fazenda de animais que nada mais \u00e9 do que um espelho da sociedade atual.<\/p>\n","protected":false},"excerpt":{"rendered":"<p>Hist\u00f3ria em quadrinhos popular na It\u00e1lia, sobre uma fazenda de animais que nada mais \u00e9 do que um espelho da sociedade atual.<\/p>\n","protected":false},"featured_media":7667,"comment_status":"open","ping_status":"closed","template":"","meta":[],"product_brand":[],"product_cat":[55],"product_tag":[],"class_list":{"0":"post-7771","1":"product","2":"type-product","3":"status-publish","4":"has-post-thumbnail","6":"product_cat-quadrinhos","7":"product_shipping_class-livros","9":"first","10":"instock","11":"taxable","12":"shipping-taxable","13":"purchasable","14":"product-type-simple"},"_links":{"self":[{"href":"https:\/\/easp.org.br\/butiko\/wp-json\/wp\/v2\/product\/7771","targetHints":{"allow":["GET"]}}],"collection":[{"href":"https:\/\/easp.org.br\/butiko\/wp-json\/wp\/v2\/product"}],"about":[{"href":"https:\/\/easp.org.br\/butiko\/wp-json\/wp\/v2\/types\/product"}],"replies":[{"embeddable":true,"href":"https:\/\/easp.org.br\/butiko\/wp-json\/wp\/v2\/comments?post=7771"}],"wp:featuredmedia":[{"embeddable":true,"href":"https:\/\/easp.org.br\/butiko\/wp-json\/wp\/v2\/media\/7667"}],"wp:attachment":[{"href":"https:\/\/easp.org.br\/butiko\/wp-json\/wp\/v2\/media?parent=7771"}],"wp:term":[{"taxonomy":"product_brand","embeddable":true,"href":"https:\/\/easp.org.br\/butiko\/wp-json\/wp\/v2\/product_brand?post=7771"},{"taxonomy":"product_cat","embeddable":true,"href":"https:\/\/easp.org.br\/butiko\/wp-json\/wp\/v2\/product_cat?post=7771"},{"taxonomy":"product_tag","embeddable":true,"href":"https:\/\/easp.org.br\/butiko\/wp-json\/wp\/v2\/product_tag?post=7771"}],"curies":[{"name":"wp","href":"https:\/\/api.w.org\/{rel}","templated":true}]}}