{"id":7769,"date":"2025-01-25T00:46:39","date_gmt":"2025-01-25T00:46:39","guid":{"rendered":"https:\/\/easp.org.br\/butiko\/?post_type=product&#038;p=7769"},"modified":"2025-09-28T10:35:41","modified_gmt":"2025-09-28T10:35:41","slug":"brusela-bubo-la-2","status":"publish","type":"product","link":"https:\/\/easp.org.br\/butiko\/produto\/brusela-bubo-la-2\/","title":{"rendered":"Brusela bubo, La"},"content":{"rendered":"<p>Hist\u00f3ria em Quadrinhos popular na B\u00e9lgica sobre as perip\u00e9cias do garoto de Bruxelas e seus amigos.<\/p>\n","protected":false},"excerpt":{"rendered":"<p>Hist\u00f3ria em Quadrinhos popular na B\u00e9lgica sobre as perip\u00e9cias do garoto de Bruxelas e seus amigos.<\/p>\n","protected":false},"featured_media":7644,"comment_status":"open","ping_status":"closed","template":"","meta":[],"product_brand":[],"product_cat":[55],"product_tag":[],"class_list":{"0":"post-7769","1":"product","2":"type-product","3":"status-publish","4":"has-post-thumbnail","6":"product_cat-quadrinhos","7":"product_shipping_class-livros","9":"first","10":"instock","11":"taxable","12":"shipping-taxable","13":"purchasable","14":"product-type-simple"},"_links":{"self":[{"href":"https:\/\/easp.org.br\/butiko\/wp-json\/wp\/v2\/product\/7769","targetHints":{"allow":["GET"]}}],"collection":[{"href":"https:\/\/easp.org.br\/butiko\/wp-json\/wp\/v2\/product"}],"about":[{"href":"https:\/\/easp.org.br\/butiko\/wp-json\/wp\/v2\/types\/product"}],"replies":[{"embeddable":true,"href":"https:\/\/easp.org.br\/butiko\/wp-json\/wp\/v2\/comments?post=7769"}],"wp:featuredmedia":[{"embeddable":true,"href":"https:\/\/easp.org.br\/butiko\/wp-json\/wp\/v2\/media\/7644"}],"wp:attachment":[{"href":"https:\/\/easp.org.br\/butiko\/wp-json\/wp\/v2\/media?parent=7769"}],"wp:term":[{"taxonomy":"product_brand","embeddable":true,"href":"https:\/\/easp.org.br\/butiko\/wp-json\/wp\/v2\/product_brand?post=7769"},{"taxonomy":"product_cat","embeddable":true,"href":"https:\/\/easp.org.br\/butiko\/wp-json\/wp\/v2\/product_cat?post=7769"},{"taxonomy":"product_tag","embeddable":true,"href":"https:\/\/easp.org.br\/butiko\/wp-json\/wp\/v2\/product_tag?post=7769"}],"curies":[{"name":"wp","href":"https:\/\/api.w.org\/{rel}","templated":true}]}}