{"id":7484,"date":"2025-01-16T18:52:21","date_gmt":"2025-01-16T18:52:21","guid":{"rendered":"https:\/\/easp.org.br\/butiko\/?post_type=product&#038;p=7484"},"modified":"2025-12-12T11:56:23","modified_gmt":"2025-12-12T11:56:23","slug":"estu-purigita-preskau-hereze","status":"publish","type":"product","link":"https:\/\/easp.org.br\/butiko\/produto\/estu-purigita-preskau-hereze\/","title":{"rendered":"Estu purigita &#8211; preska\u016d hereze"},"content":{"rendered":"<p>Colet\u00e2nea de escritos tendo como cen\u00e1rio alguns fatos curiosos da B\u00edblia.<\/p>\n","protected":false},"excerpt":{"rendered":"<p>Colet\u00e2nea de escritos tendo como cen\u00e1rio alguns fatos curiosos da B\u00edblia.<\/p>\n","protected":false},"featured_media":7681,"comment_status":"open","ping_status":"closed","template":"","meta":[],"product_brand":[],"product_cat":[50],"product_tag":[],"class_list":{"0":"post-7484","1":"product","2":"type-product","3":"status-publish","4":"has-post-thumbnail","6":"product_cat-rakonto","7":"product_shipping_class-livros","9":"first","10":"instock","11":"featured","12":"taxable","13":"shipping-taxable","14":"purchasable","15":"product-type-simple"},"_links":{"self":[{"href":"https:\/\/easp.org.br\/butiko\/wp-json\/wp\/v2\/product\/7484","targetHints":{"allow":["GET"]}}],"collection":[{"href":"https:\/\/easp.org.br\/butiko\/wp-json\/wp\/v2\/product"}],"about":[{"href":"https:\/\/easp.org.br\/butiko\/wp-json\/wp\/v2\/types\/product"}],"replies":[{"embeddable":true,"href":"https:\/\/easp.org.br\/butiko\/wp-json\/wp\/v2\/comments?post=7484"}],"wp:featuredmedia":[{"embeddable":true,"href":"https:\/\/easp.org.br\/butiko\/wp-json\/wp\/v2\/media\/7681"}],"wp:attachment":[{"href":"https:\/\/easp.org.br\/butiko\/wp-json\/wp\/v2\/media?parent=7484"}],"wp:term":[{"taxonomy":"product_brand","embeddable":true,"href":"https:\/\/easp.org.br\/butiko\/wp-json\/wp\/v2\/product_brand?post=7484"},{"taxonomy":"product_cat","embeddable":true,"href":"https:\/\/easp.org.br\/butiko\/wp-json\/wp\/v2\/product_cat?post=7484"},{"taxonomy":"product_tag","embeddable":true,"href":"https:\/\/easp.org.br\/butiko\/wp-json\/wp\/v2\/product_tag?post=7484"}],"curies":[{"name":"wp","href":"https:\/\/api.w.org\/{rel}","templated":true}]}}