{"id":7482,"date":"2025-01-16T18:50:48","date_gmt":"2025-01-16T18:50:48","guid":{"rendered":"https:\/\/easp.org.br\/butiko\/?post_type=product&#038;p=7482"},"modified":"2025-10-06T19:24:30","modified_gmt":"2025-10-06T19:24:30","slug":"al-ciutago-gia-legajo-vol-2","status":"publish","type":"product","link":"https:\/\/easp.org.br\/butiko\/produto\/al-ciutago-gia-legajo-vol-2\/","title":{"rendered":"Al \u0109iutago \u011dia lega\u0135o &#8211; vol. 2"},"content":{"rendered":"<p>Volume 2 da colet\u00e2nea de artigos produzidos para o canal Esperanta Retradio (http:\/\/esperantaretradio.blogspot.com)<\/p>\n","protected":false},"excerpt":{"rendered":"<p>Volume 2 da colet\u00e2nea de artigos produzidos para o canal Esperanta Retradio (http:\/\/esperantaretradio.blogspot.com)<\/p>\n","protected":false},"featured_media":7664,"comment_status":"open","ping_status":"closed","template":"","meta":[],"product_brand":[],"product_cat":[54],"product_tag":[],"class_list":{"0":"post-7482","1":"product","2":"type-product","3":"status-publish","4":"has-post-thumbnail","6":"product_cat-nao-ficcao","7":"product_shipping_class-livros","9":"first","10":"instock","11":"taxable","12":"shipping-taxable","13":"purchasable","14":"product-type-simple"},"_links":{"self":[{"href":"https:\/\/easp.org.br\/butiko\/wp-json\/wp\/v2\/product\/7482","targetHints":{"allow":["GET"]}}],"collection":[{"href":"https:\/\/easp.org.br\/butiko\/wp-json\/wp\/v2\/product"}],"about":[{"href":"https:\/\/easp.org.br\/butiko\/wp-json\/wp\/v2\/types\/product"}],"replies":[{"embeddable":true,"href":"https:\/\/easp.org.br\/butiko\/wp-json\/wp\/v2\/comments?post=7482"}],"wp:featuredmedia":[{"embeddable":true,"href":"https:\/\/easp.org.br\/butiko\/wp-json\/wp\/v2\/media\/7664"}],"wp:attachment":[{"href":"https:\/\/easp.org.br\/butiko\/wp-json\/wp\/v2\/media?parent=7482"}],"wp:term":[{"taxonomy":"product_brand","embeddable":true,"href":"https:\/\/easp.org.br\/butiko\/wp-json\/wp\/v2\/product_brand?post=7482"},{"taxonomy":"product_cat","embeddable":true,"href":"https:\/\/easp.org.br\/butiko\/wp-json\/wp\/v2\/product_cat?post=7482"},{"taxonomy":"product_tag","embeddable":true,"href":"https:\/\/easp.org.br\/butiko\/wp-json\/wp\/v2\/product_tag?post=7482"}],"curies":[{"name":"wp","href":"https:\/\/api.w.org\/{rel}","templated":true}]}}