{"id":7481,"date":"2025-01-16T18:49:38","date_gmt":"2025-01-16T18:49:38","guid":{"rendered":"https:\/\/easp.org.br\/butiko\/?post_type=product&#038;p=7481"},"modified":"2025-09-28T10:35:41","modified_gmt":"2025-09-28T10:35:41","slug":"malnova-domo","status":"publish","type":"product","link":"https:\/\/easp.org.br\/butiko\/produto\/malnova-domo\/","title":{"rendered":"Malnova Domo"},"content":{"rendered":"<p>A &#8220;Casa Velha&#8221; da hist\u00f3ria \u00e9 o Brasil velho da monarquia, no come\u00e7o do s\u00e9culo 19.<\/p>\n","protected":false},"excerpt":{"rendered":"<p>A &#8220;Casa Velha&#8221; da hist\u00f3ria \u00e9 o Brasil velho da monarquia, no come\u00e7o do s\u00e9culo 19.<\/p>\n","protected":false},"featured_media":7669,"comment_status":"open","ping_status":"closed","template":"","meta":[],"product_brand":[],"product_cat":[50],"product_tag":[],"class_list":{"0":"post-7481","1":"product","2":"type-product","3":"status-publish","4":"has-post-thumbnail","6":"product_cat-rakonto","7":"product_shipping_class-livros","9":"first","10":"instock","11":"taxable","12":"shipping-taxable","13":"purchasable","14":"product-type-simple"},"_links":{"self":[{"href":"https:\/\/easp.org.br\/butiko\/wp-json\/wp\/v2\/product\/7481","targetHints":{"allow":["GET"]}}],"collection":[{"href":"https:\/\/easp.org.br\/butiko\/wp-json\/wp\/v2\/product"}],"about":[{"href":"https:\/\/easp.org.br\/butiko\/wp-json\/wp\/v2\/types\/product"}],"replies":[{"embeddable":true,"href":"https:\/\/easp.org.br\/butiko\/wp-json\/wp\/v2\/comments?post=7481"}],"wp:featuredmedia":[{"embeddable":true,"href":"https:\/\/easp.org.br\/butiko\/wp-json\/wp\/v2\/media\/7669"}],"wp:attachment":[{"href":"https:\/\/easp.org.br\/butiko\/wp-json\/wp\/v2\/media?parent=7481"}],"wp:term":[{"taxonomy":"product_brand","embeddable":true,"href":"https:\/\/easp.org.br\/butiko\/wp-json\/wp\/v2\/product_brand?post=7481"},{"taxonomy":"product_cat","embeddable":true,"href":"https:\/\/easp.org.br\/butiko\/wp-json\/wp\/v2\/product_cat?post=7481"},{"taxonomy":"product_tag","embeddable":true,"href":"https:\/\/easp.org.br\/butiko\/wp-json\/wp\/v2\/product_tag?post=7481"}],"curies":[{"name":"wp","href":"https:\/\/api.w.org\/{rel}","templated":true}]}}