{"id":7480,"date":"2025-01-16T18:48:37","date_gmt":"2025-01-16T18:48:37","guid":{"rendered":"https:\/\/easp.org.br\/butiko\/?post_type=product&#038;p=7480"},"modified":"2025-09-28T10:35:41","modified_gmt":"2025-09-28T10:35:41","slug":"rigamontoj-la","status":"publish","type":"product","link":"https:\/\/easp.org.br\/butiko\/produto\/rigamontoj-la\/","title":{"rendered":"Rigamontoj, la"},"content":{"rendered":"<p>Romance paradid\u00e1tico para divertir e suprir o vocabul\u00e1rio dos alunos de n\u00edvel intermedi\u00e1rio.<\/p>\n","protected":false},"excerpt":{"rendered":"<p>Romance paradid\u00e1tico para divertir e suprir o vocabul\u00e1rio dos alunos de n\u00edvel intermedi\u00e1rio.<\/p>\n","protected":false},"featured_media":7684,"comment_status":"open","ping_status":"closed","template":"","meta":[],"product_brand":[],"product_cat":[23],"product_tag":[],"class_list":{"0":"post-7480","1":"product","2":"type-product","3":"status-publish","4":"has-post-thumbnail","6":"product_cat-romano","7":"product_shipping_class-livros","9":"first","10":"instock","11":"taxable","12":"shipping-taxable","13":"purchasable","14":"product-type-simple"},"_links":{"self":[{"href":"https:\/\/easp.org.br\/butiko\/wp-json\/wp\/v2\/product\/7480","targetHints":{"allow":["GET"]}}],"collection":[{"href":"https:\/\/easp.org.br\/butiko\/wp-json\/wp\/v2\/product"}],"about":[{"href":"https:\/\/easp.org.br\/butiko\/wp-json\/wp\/v2\/types\/product"}],"replies":[{"embeddable":true,"href":"https:\/\/easp.org.br\/butiko\/wp-json\/wp\/v2\/comments?post=7480"}],"wp:featuredmedia":[{"embeddable":true,"href":"https:\/\/easp.org.br\/butiko\/wp-json\/wp\/v2\/media\/7684"}],"wp:attachment":[{"href":"https:\/\/easp.org.br\/butiko\/wp-json\/wp\/v2\/media?parent=7480"}],"wp:term":[{"taxonomy":"product_brand","embeddable":true,"href":"https:\/\/easp.org.br\/butiko\/wp-json\/wp\/v2\/product_brand?post=7480"},{"taxonomy":"product_cat","embeddable":true,"href":"https:\/\/easp.org.br\/butiko\/wp-json\/wp\/v2\/product_cat?post=7480"},{"taxonomy":"product_tag","embeddable":true,"href":"https:\/\/easp.org.br\/butiko\/wp-json\/wp\/v2\/product_tag?post=7480"}],"curies":[{"name":"wp","href":"https:\/\/api.w.org\/{rel}","templated":true}]}}