{"id":7477,"date":"2025-01-16T18:45:52","date_gmt":"2025-01-16T18:45:52","guid":{"rendered":"https:\/\/easp.org.br\/butiko\/?post_type=product&#038;p=7477"},"modified":"2025-09-28T10:35:41","modified_gmt":"2025-09-28T10:35:41","slug":"laboristoj-de-la-eterna-vivo","status":"publish","type":"product","link":"https:\/\/easp.org.br\/butiko\/produto\/laboristoj-de-la-eterna-vivo\/","title":{"rendered":"Laboristoj de la eterna vivo"},"content":{"rendered":"<p>Apresenta o trabalho de amigos espirituais que viajam para auxiliar na transi\u00e7\u00e3o ao plano superior de Esp\u00edritos dedicados ao bem. A morte n\u00e3o extingue a colabora\u00e7\u00e3o amiga, amparo m\u00fatuo, intercess\u00e3o confortadora ou o servi\u00e7o evolutivo, pois ningu\u00e9m morre<\/p>\n","protected":false},"excerpt":{"rendered":"<p>Apresenta o trabalho de amigos espirituais que viajam para auxiliar na transi\u00e7\u00e3o ao plano superior de Esp\u00edritos dedicados ao bem. A morte n\u00e3o extingue a colabora\u00e7\u00e3o amiga, amparo m\u00fatuo, intercess\u00e3o confortadora ou o servi\u00e7o evolutivo, pois ningu\u00e9m morre<\/p>\n","protected":false},"featured_media":7662,"comment_status":"open","ping_status":"closed","template":"","meta":[],"product_brand":[],"product_cat":[24],"product_tag":[],"class_list":{"0":"post-7477","1":"product","2":"type-product","3":"status-publish","4":"has-post-thumbnail","6":"product_cat-religio","7":"product_shipping_class-livros","9":"first","10":"instock","11":"taxable","12":"shipping-taxable","13":"purchasable","14":"product-type-simple"},"_links":{"self":[{"href":"https:\/\/easp.org.br\/butiko\/wp-json\/wp\/v2\/product\/7477","targetHints":{"allow":["GET"]}}],"collection":[{"href":"https:\/\/easp.org.br\/butiko\/wp-json\/wp\/v2\/product"}],"about":[{"href":"https:\/\/easp.org.br\/butiko\/wp-json\/wp\/v2\/types\/product"}],"replies":[{"embeddable":true,"href":"https:\/\/easp.org.br\/butiko\/wp-json\/wp\/v2\/comments?post=7477"}],"wp:featuredmedia":[{"embeddable":true,"href":"https:\/\/easp.org.br\/butiko\/wp-json\/wp\/v2\/media\/7662"}],"wp:attachment":[{"href":"https:\/\/easp.org.br\/butiko\/wp-json\/wp\/v2\/media?parent=7477"}],"wp:term":[{"taxonomy":"product_brand","embeddable":true,"href":"https:\/\/easp.org.br\/butiko\/wp-json\/wp\/v2\/product_brand?post=7477"},{"taxonomy":"product_cat","embeddable":true,"href":"https:\/\/easp.org.br\/butiko\/wp-json\/wp\/v2\/product_cat?post=7477"},{"taxonomy":"product_tag","embeddable":true,"href":"https:\/\/easp.org.br\/butiko\/wp-json\/wp\/v2\/product_tag?post=7477"}],"curies":[{"name":"wp","href":"https:\/\/api.w.org\/{rel}","templated":true}]}}