{"id":7475,"date":"2025-01-16T18:44:21","date_gmt":"2025-01-16T18:44:21","guid":{"rendered":"https:\/\/easp.org.br\/butiko\/?post_type=product&#038;p=7475"},"modified":"2025-10-27T00:22:55","modified_gmt":"2025-10-27T00:22:55","slug":"postmortaj-rememoroj-de-bras-cubas","status":"publish","type":"product","link":"https:\/\/easp.org.br\/butiko\/produto\/postmortaj-rememoroj-de-bras-cubas\/","title":{"rendered":"Postmortaj rememoroj de Br\u00e1s Cubas"},"content":{"rendered":"<p>Mem\u00f3rias P\u00f3stumas de Br\u00e1s Cubas retrata a escravid\u00e3o, as classes sociais, o cientificismo e o positivismo da \u00e9poca, chegando a criar, inclusive, uma nova filosofia<\/p>\n","protected":false},"excerpt":{"rendered":"<p>Mem\u00f3rias P\u00f3stumas de Br\u00e1s Cubas retrata a escravid\u00e3o, as classes sociais, o cientificismo e o positivismo da \u00e9poca, chegando a criar, inclusive, uma nova filosofia<\/p>\n","protected":false},"featured_media":7683,"comment_status":"open","ping_status":"closed","template":"","meta":[],"product_brand":[],"product_cat":[23],"product_tag":[],"class_list":{"0":"post-7475","1":"product","2":"type-product","3":"status-publish","4":"has-post-thumbnail","6":"product_cat-romano","7":"product_shipping_class-livros","9":"first","10":"instock","11":"featured","12":"taxable","13":"shipping-taxable","14":"purchasable","15":"product-type-simple"},"_links":{"self":[{"href":"https:\/\/easp.org.br\/butiko\/wp-json\/wp\/v2\/product\/7475","targetHints":{"allow":["GET"]}}],"collection":[{"href":"https:\/\/easp.org.br\/butiko\/wp-json\/wp\/v2\/product"}],"about":[{"href":"https:\/\/easp.org.br\/butiko\/wp-json\/wp\/v2\/types\/product"}],"replies":[{"embeddable":true,"href":"https:\/\/easp.org.br\/butiko\/wp-json\/wp\/v2\/comments?post=7475"}],"wp:featuredmedia":[{"embeddable":true,"href":"https:\/\/easp.org.br\/butiko\/wp-json\/wp\/v2\/media\/7683"}],"wp:attachment":[{"href":"https:\/\/easp.org.br\/butiko\/wp-json\/wp\/v2\/media?parent=7475"}],"wp:term":[{"taxonomy":"product_brand","embeddable":true,"href":"https:\/\/easp.org.br\/butiko\/wp-json\/wp\/v2\/product_brand?post=7475"},{"taxonomy":"product_cat","embeddable":true,"href":"https:\/\/easp.org.br\/butiko\/wp-json\/wp\/v2\/product_cat?post=7475"},{"taxonomy":"product_tag","embeddable":true,"href":"https:\/\/easp.org.br\/butiko\/wp-json\/wp\/v2\/product_tag?post=7475"}],"curies":[{"name":"wp","href":"https:\/\/api.w.org\/{rel}","templated":true}]}}