{"id":7474,"date":"2025-01-16T18:43:32","date_gmt":"2025-01-16T18:43:32","guid":{"rendered":"https:\/\/easp.org.br\/butiko\/?post_type=product&#038;p=7474"},"modified":"2025-09-28T10:35:41","modified_gmt":"2025-09-28T10:35:41","slug":"esav-kaj-jakob","status":"publish","type":"product","link":"https:\/\/easp.org.br\/butiko\/produto\/esav-kaj-jakob\/","title":{"rendered":"Esav kaj Jakob"},"content":{"rendered":"<p>Esa\u00fa e Jac\u00f3 \u00e9 o pen\u00faltimo livro de Machado de Assis, lan\u00e7ado em 1904, quatro anos antes da sua morte, e segundo a maioria dos cr\u00edticos, em pleno apogeu liter\u00e1rio<\/p>\n","protected":false},"excerpt":{"rendered":"<p>Esa\u00fa e Jac\u00f3 \u00e9 o pen\u00faltimo livro de Machado de Assis, lan\u00e7ado em 1904, quatro anos antes da sua morte, e segundo a maioria dos cr\u00edticos, em pleno apogeu liter\u00e1rio<\/p>\n","protected":false},"featured_media":7711,"comment_status":"open","ping_status":"closed","template":"","meta":[],"product_brand":[],"product_cat":[23],"product_tag":[],"class_list":{"0":"post-7474","1":"product","2":"type-product","3":"status-publish","4":"has-post-thumbnail","6":"product_cat-romano","7":"product_shipping_class-livros","9":"first","10":"instock","11":"featured","12":"taxable","13":"shipping-taxable","14":"purchasable","15":"product-type-simple"},"_links":{"self":[{"href":"https:\/\/easp.org.br\/butiko\/wp-json\/wp\/v2\/product\/7474","targetHints":{"allow":["GET"]}}],"collection":[{"href":"https:\/\/easp.org.br\/butiko\/wp-json\/wp\/v2\/product"}],"about":[{"href":"https:\/\/easp.org.br\/butiko\/wp-json\/wp\/v2\/types\/product"}],"replies":[{"embeddable":true,"href":"https:\/\/easp.org.br\/butiko\/wp-json\/wp\/v2\/comments?post=7474"}],"wp:featuredmedia":[{"embeddable":true,"href":"https:\/\/easp.org.br\/butiko\/wp-json\/wp\/v2\/media\/7711"}],"wp:attachment":[{"href":"https:\/\/easp.org.br\/butiko\/wp-json\/wp\/v2\/media?parent=7474"}],"wp:term":[{"taxonomy":"product_brand","embeddable":true,"href":"https:\/\/easp.org.br\/butiko\/wp-json\/wp\/v2\/product_brand?post=7474"},{"taxonomy":"product_cat","embeddable":true,"href":"https:\/\/easp.org.br\/butiko\/wp-json\/wp\/v2\/product_cat?post=7474"},{"taxonomy":"product_tag","embeddable":true,"href":"https:\/\/easp.org.br\/butiko\/wp-json\/wp\/v2\/product_tag?post=7474"}],"curies":[{"name":"wp","href":"https:\/\/api.w.org\/{rel}","templated":true}]}}