{"id":7470,"date":"2025-01-16T18:40:11","date_gmt":"2025-01-16T18:40:11","guid":{"rendered":"https:\/\/easp.org.br\/butiko\/?post_type=product&#038;p=7470"},"modified":"2025-09-28T23:34:28","modified_gmt":"2025-09-28T23:34:28","slug":"malbeno-de-tarumo-kaj-naruna-la","status":"publish","type":"product","link":"https:\/\/easp.org.br\/butiko\/produto\/malbeno-de-tarumo-kaj-naruna-la\/","title":{"rendered":"Malbeno de Tarumo kaj Naruna, la"},"content":{"rendered":"<p>Cinco crian\u00e7as de continentes diferentes se encontram no Brasil num congresso da l\u00edngua internacional. Sem querer, elas se envolvem numa aventura que come\u00e7ou s\u00e9culos antes, quando dois totens foram roubados de uma tribo ind\u00edgena e nasceu uma terr\u00edvel maldi\u00e7\u00e3o<\/p>\n","protected":false},"excerpt":{"rendered":"<p>Cinco crian\u00e7as de continentes diferentes se encontram no Brasil num congresso da l\u00edngua internacional. Sem querer, elas se envolvem numa aventura que come\u00e7ou s\u00e9culos antes, quando dois totens foram roubados de uma tribo ind\u00edgena e nasceu uma terr\u00edvel maldi\u00e7\u00e3o<\/p>\n","protected":false},"featured_media":7668,"comment_status":"open","ping_status":"closed","template":"","meta":[],"product_brand":[],"product_cat":[49],"product_tag":[],"class_list":{"0":"post-7470","1":"product","2":"type-product","3":"status-publish","4":"has-post-thumbnail","6":"product_cat-infanto-juvenil","7":"product_shipping_class-livros","9":"first","10":"instock","11":"taxable","12":"shipping-taxable","13":"purchasable","14":"product-type-simple"},"_links":{"self":[{"href":"https:\/\/easp.org.br\/butiko\/wp-json\/wp\/v2\/product\/7470","targetHints":{"allow":["GET"]}}],"collection":[{"href":"https:\/\/easp.org.br\/butiko\/wp-json\/wp\/v2\/product"}],"about":[{"href":"https:\/\/easp.org.br\/butiko\/wp-json\/wp\/v2\/types\/product"}],"replies":[{"embeddable":true,"href":"https:\/\/easp.org.br\/butiko\/wp-json\/wp\/v2\/comments?post=7470"}],"wp:featuredmedia":[{"embeddable":true,"href":"https:\/\/easp.org.br\/butiko\/wp-json\/wp\/v2\/media\/7668"}],"wp:attachment":[{"href":"https:\/\/easp.org.br\/butiko\/wp-json\/wp\/v2\/media?parent=7470"}],"wp:term":[{"taxonomy":"product_brand","embeddable":true,"href":"https:\/\/easp.org.br\/butiko\/wp-json\/wp\/v2\/product_brand?post=7470"},{"taxonomy":"product_cat","embeddable":true,"href":"https:\/\/easp.org.br\/butiko\/wp-json\/wp\/v2\/product_cat?post=7470"},{"taxonomy":"product_tag","embeddable":true,"href":"https:\/\/easp.org.br\/butiko\/wp-json\/wp\/v2\/product_tag?post=7470"}],"curies":[{"name":"wp","href":"https:\/\/api.w.org\/{rel}","templated":true}]}}