{"id":7460,"date":"2025-01-16T18:29:33","date_gmt":"2025-01-16T18:29:33","guid":{"rendered":"https:\/\/easp.org.br\/butiko\/?post_type=product&#038;p=7460"},"modified":"2025-01-30T16:07:50","modified_gmt":"2025-01-30T16:07:50","slug":"minhas-viagens-pelo-mundo-atraves-do-esperanto","status":"publish","type":"product","link":"https:\/\/easp.org.br\/butiko\/produto\/minhas-viagens-pelo-mundo-atraves-do-esperanto\/","title":{"rendered":"Minhas viagens pelo mundo atrav\u00e9s do Esperanto"},"content":{"rendered":"<p>Revista em duas l\u00ednguas Portugu\u00eas e Esperanto. Relata as viagens durante cinco congressos internacionais de Esperanto, 97, 98, 99, 100 e 101 e tamb\u00e9m o 100 congresso Japon\u00eas.<\/p>\n","protected":false},"excerpt":{"rendered":"<p>Revista em duas l\u00ednguas Portugu\u00eas e Esperanto. Relata as viagens durante cinco congressos internacionais de Esperanto, 97, 98, 99, 100 e 101 e tamb\u00e9m o 100 congresso Japon\u00eas.<\/p>\n","protected":false},"featured_media":7699,"comment_status":"open","ping_status":"closed","template":"","meta":[],"product_brand":[],"product_cat":[57],"product_tag":[],"class_list":{"0":"post-7460","1":"product","2":"type-product","3":"status-publish","4":"has-post-thumbnail","6":"product_cat-movimento-esperantista","7":"product_shipping_class-livros","9":"first","10":"instock","11":"taxable","12":"shipping-taxable","13":"purchasable","14":"product-type-simple"},"_links":{"self":[{"href":"https:\/\/easp.org.br\/butiko\/wp-json\/wp\/v2\/product\/7460","targetHints":{"allow":["GET"]}}],"collection":[{"href":"https:\/\/easp.org.br\/butiko\/wp-json\/wp\/v2\/product"}],"about":[{"href":"https:\/\/easp.org.br\/butiko\/wp-json\/wp\/v2\/types\/product"}],"replies":[{"embeddable":true,"href":"https:\/\/easp.org.br\/butiko\/wp-json\/wp\/v2\/comments?post=7460"}],"wp:featuredmedia":[{"embeddable":true,"href":"https:\/\/easp.org.br\/butiko\/wp-json\/wp\/v2\/media\/7699"}],"wp:attachment":[{"href":"https:\/\/easp.org.br\/butiko\/wp-json\/wp\/v2\/media?parent=7460"}],"wp:term":[{"taxonomy":"product_brand","embeddable":true,"href":"https:\/\/easp.org.br\/butiko\/wp-json\/wp\/v2\/product_brand?post=7460"},{"taxonomy":"product_cat","embeddable":true,"href":"https:\/\/easp.org.br\/butiko\/wp-json\/wp\/v2\/product_cat?post=7460"},{"taxonomy":"product_tag","embeddable":true,"href":"https:\/\/easp.org.br\/butiko\/wp-json\/wp\/v2\/product_tag?post=7460"}],"curies":[{"name":"wp","href":"https:\/\/api.w.org\/{rel}","templated":true}]}}