{"id":7444,"date":"2025-01-16T18:13:58","date_gmt":"2025-01-16T18:13:58","guid":{"rendered":"https:\/\/easp.org.br\/butiko\/?post_type=product&#038;p=7444"},"modified":"2025-05-18T17:27:23","modified_gmt":"2025-05-18T17:27:23","slug":"socia-rolo-de-kromamantoj","status":"publish","type":"product","link":"https:\/\/easp.org.br\/butiko\/produto\/socia-rolo-de-kromamantoj\/","title":{"rendered":"Socia rolo de kromamantoj"},"content":{"rendered":"<p>Tese em defesa da preserva\u00e7\u00e3o do casamento monog\u00e2mico. Obra libert\u00e1ria e libertadora.<\/p>\n","protected":false},"excerpt":{"rendered":"<p>Tese em defesa da preserva\u00e7\u00e3o do casamento monog\u00e2mico. Obra libert\u00e1ria e libertadora.<\/p>\n","protected":false},"featured_media":7660,"comment_status":"open","ping_status":"closed","template":"","meta":[],"product_brand":[],"product_cat":[54],"product_tag":[],"class_list":{"0":"post-7444","1":"product","2":"type-product","3":"status-publish","4":"has-post-thumbnail","6":"product_cat-nao-ficcao","7":"product_shipping_class-livros","9":"first","10":"instock","11":"taxable","12":"shipping-taxable","13":"purchasable","14":"product-type-simple"},"_links":{"self":[{"href":"https:\/\/easp.org.br\/butiko\/wp-json\/wp\/v2\/product\/7444","targetHints":{"allow":["GET"]}}],"collection":[{"href":"https:\/\/easp.org.br\/butiko\/wp-json\/wp\/v2\/product"}],"about":[{"href":"https:\/\/easp.org.br\/butiko\/wp-json\/wp\/v2\/types\/product"}],"replies":[{"embeddable":true,"href":"https:\/\/easp.org.br\/butiko\/wp-json\/wp\/v2\/comments?post=7444"}],"wp:featuredmedia":[{"embeddable":true,"href":"https:\/\/easp.org.br\/butiko\/wp-json\/wp\/v2\/media\/7660"}],"wp:attachment":[{"href":"https:\/\/easp.org.br\/butiko\/wp-json\/wp\/v2\/media?parent=7444"}],"wp:term":[{"taxonomy":"product_brand","embeddable":true,"href":"https:\/\/easp.org.br\/butiko\/wp-json\/wp\/v2\/product_brand?post=7444"},{"taxonomy":"product_cat","embeddable":true,"href":"https:\/\/easp.org.br\/butiko\/wp-json\/wp\/v2\/product_cat?post=7444"},{"taxonomy":"product_tag","embeddable":true,"href":"https:\/\/easp.org.br\/butiko\/wp-json\/wp\/v2\/product_tag?post=7444"}],"curies":[{"name":"wp","href":"https:\/\/api.w.org\/{rel}","templated":true}]}}