{"id":7443,"date":"2025-01-16T18:13:12","date_gmt":"2025-01-16T18:13:12","guid":{"rendered":"https:\/\/easp.org.br\/butiko\/?post_type=product&#038;p=7443"},"modified":"2025-09-30T18:15:16","modified_gmt":"2025-09-30T18:15:16","slug":"sennaciece-tra-la-mondo","status":"publish","type":"product","link":"https:\/\/easp.org.br\/butiko\/produto\/sennaciece-tra-la-mondo\/","title":{"rendered":"Sennaciece tra la mondo"},"content":{"rendered":"<p>Impress\u00f5es de um viajante sem nacionalidade sobre a pol\u00edtica e cultura de diversos pa\u00edses.<\/p>\n","protected":false},"excerpt":{"rendered":"<p>Impress\u00f5es de um viajante sem nacionalidade sobre a pol\u00edtica e cultura de diversos pa\u00edses.<\/p>\n","protected":false},"featured_media":7689,"comment_status":"open","ping_status":"closed","template":"","meta":[],"product_brand":[],"product_cat":[54],"product_tag":[],"class_list":{"0":"post-7443","1":"product","2":"type-product","3":"status-publish","4":"has-post-thumbnail","6":"product_cat-nao-ficcao","7":"product_shipping_class-livros","9":"first","10":"instock","11":"taxable","12":"shipping-taxable","13":"purchasable","14":"product-type-simple"},"_links":{"self":[{"href":"https:\/\/easp.org.br\/butiko\/wp-json\/wp\/v2\/product\/7443","targetHints":{"allow":["GET"]}}],"collection":[{"href":"https:\/\/easp.org.br\/butiko\/wp-json\/wp\/v2\/product"}],"about":[{"href":"https:\/\/easp.org.br\/butiko\/wp-json\/wp\/v2\/types\/product"}],"replies":[{"embeddable":true,"href":"https:\/\/easp.org.br\/butiko\/wp-json\/wp\/v2\/comments?post=7443"}],"wp:featuredmedia":[{"embeddable":true,"href":"https:\/\/easp.org.br\/butiko\/wp-json\/wp\/v2\/media\/7689"}],"wp:attachment":[{"href":"https:\/\/easp.org.br\/butiko\/wp-json\/wp\/v2\/media?parent=7443"}],"wp:term":[{"taxonomy":"product_brand","embeddable":true,"href":"https:\/\/easp.org.br\/butiko\/wp-json\/wp\/v2\/product_brand?post=7443"},{"taxonomy":"product_cat","embeddable":true,"href":"https:\/\/easp.org.br\/butiko\/wp-json\/wp\/v2\/product_cat?post=7443"},{"taxonomy":"product_tag","embeddable":true,"href":"https:\/\/easp.org.br\/butiko\/wp-json\/wp\/v2\/product_tag?post=7443"}],"curies":[{"name":"wp","href":"https:\/\/api.w.org\/{rel}","templated":true}]}}