{"id":7431,"date":"2025-01-16T18:01:31","date_gmt":"2025-01-16T18:01:31","guid":{"rendered":"https:\/\/easp.org.br\/butiko\/?post_type=product&#038;p=7431"},"modified":"2025-09-30T18:15:16","modified_gmt":"2025-09-30T18:15:16","slug":"konstruu-vian-domon","status":"publish","type":"product","link":"https:\/\/easp.org.br\/butiko\/produto\/konstruu-vian-domon\/","title":{"rendered":"Konstruu vian domon"},"content":{"rendered":"<p>Obra t\u00e9cnica b\u00e1sica com muitas ilustra\u00e7\u00f5es e uma sele\u00e7\u00e3o cuidadosa de termos espec\u00edficos<\/p>\n","protected":false},"excerpt":{"rendered":"<p>Obra t\u00e9cnica b\u00e1sica com muitas ilustra\u00e7\u00f5es e uma sele\u00e7\u00e3o cuidadosa de termos espec\u00edficos<\/p>\n","protected":false},"featured_media":7698,"comment_status":"open","ping_status":"closed","template":"","meta":[],"product_brand":[],"product_cat":[25],"product_tag":[],"class_list":{"0":"post-7431","1":"product","2":"type-product","3":"status-publish","4":"has-post-thumbnail","6":"product_cat-tekniko","7":"product_shipping_class-livros","9":"first","10":"instock","11":"taxable","12":"shipping-taxable","13":"purchasable","14":"product-type-simple"},"_links":{"self":[{"href":"https:\/\/easp.org.br\/butiko\/wp-json\/wp\/v2\/product\/7431","targetHints":{"allow":["GET"]}}],"collection":[{"href":"https:\/\/easp.org.br\/butiko\/wp-json\/wp\/v2\/product"}],"about":[{"href":"https:\/\/easp.org.br\/butiko\/wp-json\/wp\/v2\/types\/product"}],"replies":[{"embeddable":true,"href":"https:\/\/easp.org.br\/butiko\/wp-json\/wp\/v2\/comments?post=7431"}],"wp:featuredmedia":[{"embeddable":true,"href":"https:\/\/easp.org.br\/butiko\/wp-json\/wp\/v2\/media\/7698"}],"wp:attachment":[{"href":"https:\/\/easp.org.br\/butiko\/wp-json\/wp\/v2\/media?parent=7431"}],"wp:term":[{"taxonomy":"product_brand","embeddable":true,"href":"https:\/\/easp.org.br\/butiko\/wp-json\/wp\/v2\/product_brand?post=7431"},{"taxonomy":"product_cat","embeddable":true,"href":"https:\/\/easp.org.br\/butiko\/wp-json\/wp\/v2\/product_cat?post=7431"},{"taxonomy":"product_tag","embeddable":true,"href":"https:\/\/easp.org.br\/butiko\/wp-json\/wp\/v2\/product_tag?post=7431"}],"curies":[{"name":"wp","href":"https:\/\/api.w.org\/{rel}","templated":true}]}}