{"id":5934,"date":"2021-07-28T21:06:16","date_gmt":"2021-07-28T21:06:16","guid":{"rendered":"https:\/\/easp.org.br\/libroservo\/?page_id=5934"},"modified":"2021-07-28T21:06:16","modified_gmt":"2021-07-28T21:06:16","slug":"sobre-a-loja","status":"publish","type":"page","link":"https:\/\/easp.org.br\/butiko\/sobre-a-loja\/","title":{"rendered":"Sobre a loja"},"content":{"rendered":"\n<div class=\"wp-block-image\"><figure class=\"aligncenter size-full\"><img loading=\"lazy\" decoding=\"async\" width=\"700\" height=\"500\" src=\"https:\/\/easp.org.br\/butiko\/wp-content\/uploads\/2021\/07\/librovendejo.jpg\" alt=\"\" class=\"wp-image-5935\" srcset=\"https:\/\/easp.org.br\/butiko\/wp-content\/uploads\/2021\/07\/librovendejo.jpg 700w, https:\/\/easp.org.br\/butiko\/wp-content\/uploads\/2021\/07\/librovendejo-600x429.jpg 600w, https:\/\/easp.org.br\/butiko\/wp-content\/uploads\/2021\/07\/librovendejo-300x214.jpg 300w\" sizes=\"auto, (max-width: 700px) 100vw, 700px\" \/><\/figure><\/div>\n\n\n\n<p>A loja virtual da <a href=\"https:\/\/easp.org.br\" target=\"_blank\" rel=\"noreferrer noopener\">Associa\u00e7\u00e3o Paulista de Esperanto<\/a> (EASP) \u00e9 uma extens\u00e3o do servi\u00e7o de venda de livros oferecido pela Associa\u00e7\u00e3o em sua sede localizada na Rua Faustolo, 124, no bairro \u00c1gua Branca (Lapa). <\/p>\n\n\n\n<p>A EASP \u00e9 uma organiza\u00e7\u00e3o cultural sem fins lucrativos, fundada em 29 de mar\u00e7o de 1937, com o objetivo de incentivar a pr\u00e1tica e a divulga\u00e7\u00e3o da l\u00edngua internacional Esperanto.<\/p>\n\n\n\n<p>Por meio de sua livraria a EASP faz circular a cultura do Esperanto, trazendo uma amostra da produ\u00e7\u00e3o liter\u00e1ria nacional e internacional at\u00e9 perto de voc\u00ea que ama e curte a l\u00edngua.<\/p>\n","protected":false},"excerpt":{"rendered":"<p>A loja virtual da Associa\u00e7\u00e3o Paulista de Esperanto (EASP) \u00e9 uma extens\u00e3o do servi\u00e7o de venda de livros oferecido pela Associa\u00e7\u00e3o em sua sede localizada na Rua Faustolo, 124, no bairro \u00c1gua Branca (Lapa). A EASP \u00e9 uma organiza\u00e7\u00e3o cultural sem fins lucrativos, fundada em 29 de mar\u00e7o de 1937, com o objetivo de incentivar [&hellip;]<\/p>\n","protected":false},"author":1,"featured_media":0,"parent":0,"menu_order":0,"comment_status":"closed","ping_status":"closed","template":"","meta":{"footnotes":""},"class_list":["post-5934","page","type-page","status-publish","hentry"],"_links":{"self":[{"href":"https:\/\/easp.org.br\/butiko\/wp-json\/wp\/v2\/pages\/5934","targetHints":{"allow":["GET"]}}],"collection":[{"href":"https:\/\/easp.org.br\/butiko\/wp-json\/wp\/v2\/pages"}],"about":[{"href":"https:\/\/easp.org.br\/butiko\/wp-json\/wp\/v2\/types\/page"}],"author":[{"embeddable":true,"href":"https:\/\/easp.org.br\/butiko\/wp-json\/wp\/v2\/users\/1"}],"replies":[{"embeddable":true,"href":"https:\/\/easp.org.br\/butiko\/wp-json\/wp\/v2\/comments?post=5934"}],"version-history":[{"count":0,"href":"https:\/\/easp.org.br\/butiko\/wp-json\/wp\/v2\/pages\/5934\/revisions"}],"wp:attachment":[{"href":"https:\/\/easp.org.br\/butiko\/wp-json\/wp\/v2\/media?parent=5934"}],"curies":[{"name":"wp","href":"https:\/\/api.w.org\/{rel}","templated":true}]}}