{"id":5932,"date":"2021-07-28T21:01:12","date_gmt":"2021-07-28T21:01:12","guid":{"rendered":"https:\/\/easp.org.br\/libroservo\/?page_id=5932"},"modified":"2025-08-14T02:28:14","modified_gmt":"2025-08-14T02:28:14","slug":"pagamento","status":"publish","type":"page","link":"https:\/\/easp.org.br\/butiko\/pagamento\/","title":{"rendered":"Pagamento"},"content":{"rendered":"\n<p>No momento, o loja da EASP oferece um m\u00e9todo de pagamento:<\/p>\n\n\n\n<p><strong>Dep\u00f3sito ou transfer\u00eancia banc\u00e1ria, incluindo PIX<\/strong><\/p>\n\n\n\n<p>Os dados da nossa <strong>conta Bradesco<\/strong> e <strong>chave PIX<\/strong> aparecer\u00e3o no fechamento do pedido. Neste caso, n\u00e3o esque\u00e7a de enviar uma c\u00f3pia do comprovante de dep\u00f3sito para &lt;libroservo @ easp.org.br>, para libera\u00e7\u00e3o do pedido.<\/p>\n\n\n\n<p><\/p>\n","protected":false},"excerpt":{"rendered":"<p>No momento, o loja da EASP oferece um m\u00e9todo de pagamento: Dep\u00f3sito ou transfer\u00eancia banc\u00e1ria, incluindo PIX Os dados da nossa conta Bradesco e chave PIX aparecer\u00e3o no fechamento do pedido. Neste caso, n\u00e3o esque\u00e7a de enviar uma c\u00f3pia do comprovante de dep\u00f3sito para &lt;libroservo @ easp.org.br>, para libera\u00e7\u00e3o do pedido.<\/p>\n","protected":false},"author":1,"featured_media":0,"parent":0,"menu_order":0,"comment_status":"closed","ping_status":"closed","template":"","meta":{"footnotes":""},"class_list":["post-5932","page","type-page","status-publish","hentry"],"_links":{"self":[{"href":"https:\/\/easp.org.br\/butiko\/wp-json\/wp\/v2\/pages\/5932","targetHints":{"allow":["GET"]}}],"collection":[{"href":"https:\/\/easp.org.br\/butiko\/wp-json\/wp\/v2\/pages"}],"about":[{"href":"https:\/\/easp.org.br\/butiko\/wp-json\/wp\/v2\/types\/page"}],"author":[{"embeddable":true,"href":"https:\/\/easp.org.br\/butiko\/wp-json\/wp\/v2\/users\/1"}],"replies":[{"embeddable":true,"href":"https:\/\/easp.org.br\/butiko\/wp-json\/wp\/v2\/comments?post=5932"}],"version-history":[{"count":3,"href":"https:\/\/easp.org.br\/butiko\/wp-json\/wp\/v2\/pages\/5932\/revisions"}],"predecessor-version":[{"id":8184,"href":"https:\/\/easp.org.br\/butiko\/wp-json\/wp\/v2\/pages\/5932\/revisions\/8184"}],"wp:attachment":[{"href":"https:\/\/easp.org.br\/butiko\/wp-json\/wp\/v2\/media?parent=5932"}],"curies":[{"name":"wp","href":"https:\/\/api.w.org\/{rel}","templated":true}]}}