{"id":5930,"date":"2021-07-28T20:46:25","date_gmt":"2021-07-28T20:46:25","guid":{"rendered":"https:\/\/easp.org.br\/libroservo\/?page_id=5930"},"modified":"2025-01-16T23:07:05","modified_gmt":"2025-01-16T23:07:05","slug":"duvidas","status":"publish","type":"page","link":"https:\/\/easp.org.br\/butiko\/duvidas\/","title":{"rendered":"D\u00favidas"},"content":{"rendered":"\n<p><strong>Como saberei se meu pedido foi realizado?<\/strong><\/p>\n\n\n\n<p>Ap\u00f3s o fechamento do pedido, uma mensagem ser\u00e1 enviada automaticamente para o e-mail indicado no cadastro, fornecendo todos os detalhes da compra e um n\u00famero correspondente ao pedido. Guarde-o, caso precise de algum esclarecimento posterior.<\/p>\n\n\n\n<p><strong>Como procederei para fazer o pagamento?<\/strong><\/p>\n\n\n\n<p>Na \u00faltima etapa do fechamento do pedido, aparecer\u00e3o duas op\u00e7\u00f5es de pagamento: pelo PagSeguro ou por dep\u00f3sito\/transfer\u00eancia.<\/p>\n\n\n\n<p><strong>PagSeguro<\/strong> &#8211; Escolha esta op\u00e7\u00e3o se desejar pagar com cart\u00e3o de cr\u00e9dito ou boleto banc\u00e1rio. No fechamento do pedido aparecer\u00e1 um bot\u00e3o de compras do Pagseguro. Clique sobre ele para ser redirecionado ao site do PagSeguro, onde ser\u00e1 processado o pagamento em ambiente protegido. Ap\u00f3s a confirma\u00e7\u00e3o do pagamento, que ser\u00e1 enviada autom\u00e1ticamente pelo site do PagSeguro \u00e0 nossa tesouraria, o seu pedido estar\u00e1 liberado para expedi\u00e7\u00e3o e envio.<\/p>\n\n\n\n<p><strong>Tranfer\u00eancia PIX <\/strong>(Bradesco) &#8211; Se escolher esta op\u00e7\u00e3o, no fechamento do pedido aparecer\u00e3o os dados da nossa conta. Neste caso, n\u00e3o esque\u00e7a de enviar uma c\u00f3pia do comprovante de dep\u00f3sito, para libera\u00e7\u00e3o do pedido, ao e-mail &lt;libroservo @ easp.org.br> .<\/p>\n\n\n\n<p><strong>O que fa\u00e7o se precisar de mais alguma informa\u00e7\u00e3o sobre o meu pedido?<\/strong><\/p>\n\n\n\n<p>Use o formul\u00e1rio de contato da loja, localizado na barra inferior do site, ou escreva diretamente para &lt;libroservo @ easp.org.br> .<\/p>\n\n\n\n<p><strong>\u00c9 poss\u00edvel enviar um livro de presente?<\/strong><\/p>\n\n\n\n<p>Sim. Ao preencher o formul\u00e1rio do pedido, basta informar no campo &#8220;endere\u00e7o de entrega&#8221; os dados da pessoa que ir\u00e1 receber o presente.<\/p>\n\n\n\n<p><strong>O que significa fechar o pedido como visitante?<\/strong><\/p>\n\n\n\n<p>O comprador visitante \u00e9 aquele que prefere fechar o pedido sem criar uma conta (com nome de usu\u00e1rio e senha). Isto, no entanto, n\u00e3o o desobrigar\u00e1 de fornecer seus dados pessoais, para emiss\u00e3o da NF-e, e de informar um endere\u00e7o para a entrega. A cada novo pedido, o comprador visitante ter\u00e1 de digitar novamente todos os seus dados pessoais e o endere\u00e7o para entrega, ao passo que, optando pela cria\u00e7\u00e3o de uma conta, o comprador com senha n\u00e3o precisar\u00e1 repetir este procedimentos nas compras seguintes.<\/p>\n","protected":false},"excerpt":{"rendered":"<p>Como saberei se meu pedido foi realizado? Ap\u00f3s o fechamento do pedido, uma mensagem ser\u00e1 enviada automaticamente para o e-mail indicado no cadastro, fornecendo todos os detalhes da compra e um n\u00famero correspondente ao pedido. Guarde-o, caso precise de algum esclarecimento posterior. Como procederei para fazer o pagamento? Na \u00faltima etapa do fechamento do pedido, [&hellip;]<\/p>\n","protected":false},"author":1,"featured_media":0,"parent":0,"menu_order":0,"comment_status":"closed","ping_status":"closed","template":"","meta":{"footnotes":""},"class_list":["post-5930","page","type-page","status-publish","hentry"],"_links":{"self":[{"href":"https:\/\/easp.org.br\/butiko\/wp-json\/wp\/v2\/pages\/5930","targetHints":{"allow":["GET"]}}],"collection":[{"href":"https:\/\/easp.org.br\/butiko\/wp-json\/wp\/v2\/pages"}],"about":[{"href":"https:\/\/easp.org.br\/butiko\/wp-json\/wp\/v2\/types\/page"}],"author":[{"embeddable":true,"href":"https:\/\/easp.org.br\/butiko\/wp-json\/wp\/v2\/users\/1"}],"replies":[{"embeddable":true,"href":"https:\/\/easp.org.br\/butiko\/wp-json\/wp\/v2\/comments?post=5930"}],"version-history":[{"count":2,"href":"https:\/\/easp.org.br\/butiko\/wp-json\/wp\/v2\/pages\/5930\/revisions"}],"predecessor-version":[{"id":7551,"href":"https:\/\/easp.org.br\/butiko\/wp-json\/wp\/v2\/pages\/5930\/revisions\/7551"}],"wp:attachment":[{"href":"https:\/\/easp.org.br\/butiko\/wp-json\/wp\/v2\/media?parent=5930"}],"curies":[{"name":"wp","href":"https:\/\/api.w.org\/{rel}","templated":true}]}}