{"id":5121,"date":"2026-02-12T16:28:20","date_gmt":"2026-02-12T19:28:20","guid":{"rendered":"https:\/\/easp.org.br\/asocio\/?page_id=5121"},"modified":"2026-02-12T16:46:50","modified_gmt":"2026-02-12T19:46:50","slug":"membro-virtual","status":"publish","type":"page","link":"https:\/\/easp.org.br\/asocio\/membro-virtual\/","title":{"rendered":"Membro Virtual"},"content":{"rendered":"\n<p>Esta \u00e9 uma categoria de membro exclusiva para integrantes do <a href=\"https:\/\/pma.brazilo.org\/\" target=\"_blank\" rel=\"noreferrer noopener\">Programo Mia Amiko<\/a> (PMA).<\/p>\n\n\n\n<p>Para preencher o formul\u00e1rio de ades\u00e3o \u00e0 Categoria de Membro Virtual PMA-EASP, voc\u00ea vai precisar informa o n\u00famero da sua matr\u00edcula no <strong>Programa Mia Amiko<\/strong>. <\/p>\n\n\n\n<p>Para ver o n\u00famero da sua matr\u00edcula do PMA, <a href=\"https:\/\/mallonge.net\/pma-matrikulo\" target=\"_blank\" rel=\"noreferrer noopener\">clique aqui<\/a><br>Caso ainda n\u00e3o seja matriculado, solicite um registro <a href=\"https:\/\/mallonge.net\/pma-registro\" target=\"_blank\" rel=\"noreferrer noopener\">clicando aqui<\/a><\/p>\n\n\n\n<p>Ap\u00f3s preencher o formul\u00e1rio, envie uma c\u00f3pia do comprovante de pagamento da respectiva anuidade para o e-mail <em>&lt; financo@easp.org.br<\/em> >. O pagamento pode ser feito pela <strong>chave-pix<\/strong> da Associa\u00e7\u00e3o Paulista de Esperanto (conta Bradesco): CNPJ 59.955.476\/0001-29.<\/p>\n\n\n\n<div class=\"wp-block-contact-form-7-contact-form-selector\">\n<div class=\"wpcf7 no-js\" id=\"wpcf7-f5119-o1\" lang=\"pt-BR\" dir=\"ltr\">\n<div class=\"screen-reader-response\"><p role=\"status\" aria-live=\"polite\" aria-atomic=\"true\"><\/p> <ul><\/ul><\/div>\n<form action=\"\/asocio\/wp-json\/wp\/v2\/pages\/5121#wpcf7-f5119-o1\" method=\"post\" class=\"wpcf7-form init\" aria-label=\"Formul\u00e1rios de contato\" novalidate=\"novalidate\" data-status=\"init\">\n<div style=\"display: none;\">\n<input type=\"hidden\" name=\"_wpcf7\" value=\"5119\" \/>\n<input type=\"hidden\" name=\"_wpcf7_version\" value=\"5.9.8\" \/>\n<input type=\"hidden\" name=\"_wpcf7_locale\" value=\"pt_BR\" \/>\n<input type=\"hidden\" name=\"_wpcf7_unit_tag\" value=\"wpcf7-f5119-o1\" \/>\n<input type=\"hidden\" name=\"_wpcf7_container_post\" value=\"0\" \/>\n<input type=\"hidden\" name=\"_wpcf7_posted_data_hash\" value=\"\" \/>\n<input type=\"hidden\" name=\"_wpcf7_recaptcha_response\" value=\"\" \/>\n<\/div>\n<p>Nome\n<\/p>\n<p><span class=\"wpcf7-form-control-wrap\" data-name=\"nomo\"><input size=\"40\" maxlength=\"400\" class=\"wpcf7-form-control wpcf7-text wpcf7-validates-as-required\" aria-required=\"true\" aria-invalid=\"false\" value=\"\" type=\"text\" name=\"nomo\" \/><\/span>\n<\/p>\n<p> Endere\u00e7o <br \/>\n<span class=\"wpcf7-form-control-wrap\" data-name=\"adreso\"><input size=\"40\" maxlength=\"400\" class=\"wpcf7-form-control wpcf7-text wpcf7-validates-as-required\" aria-required=\"true\" aria-invalid=\"false\" value=\"\" type=\"text\" name=\"adreso\" \/><\/span>\n<\/p>\n<p>CEP<br \/>\n<span class=\"wpcf7-form-control-wrap\" data-name=\"stratkodo\"><input size=\"40\" maxlength=\"400\" class=\"wpcf7-form-control wpcf7-text wpcf7-validates-as-required\" aria-required=\"true\" aria-invalid=\"false\" placeholder=\"00000-000\" value=\"\" type=\"text\" name=\"stratkodo\" \/><\/span>\n<\/p>\n<p> Cidade<br \/>\n<span class=\"wpcf7-form-control-wrap\" data-name=\"urbo\"><input size=\"40\" maxlength=\"400\" class=\"wpcf7-form-control wpcf7-text wpcf7-validates-as-required\" aria-required=\"true\" aria-invalid=\"false\" value=\"\" type=\"text\" name=\"urbo\" \/><\/span>\n<\/p>\n<p>CPF\n<\/p>\n<p><span class=\"wpcf7-form-control-wrap\" data-name=\"copofo\"><input size=\"40\" maxlength=\"400\" class=\"wpcf7-form-control wpcf7-text wpcf7-validates-as-required\" aria-required=\"true\" aria-invalid=\"false\" placeholder=\"000.000.000-00\" value=\"\" type=\"text\" name=\"copofo\" \/><\/span>\n<\/p>\n<p>E-mail\n<\/p>\n<p><span class=\"wpcf7-form-control-wrap\" data-name=\"retadreso\"><input size=\"40\" maxlength=\"400\" class=\"wpcf7-form-control wpcf7-email wpcf7-validates-as-required wpcf7-text wpcf7-validates-as-email\" aria-required=\"true\" aria-invalid=\"false\" value=\"\" type=\"email\" name=\"retadreso\" \/><\/span>\n<\/p>\n<p>Telefone<br \/>\n<span class=\"wpcf7-form-control-wrap\" data-name=\"telefono\"><input size=\"40\" maxlength=\"400\" class=\"wpcf7-form-control wpcf7-text wpcf7-validates-as-required\" aria-required=\"true\" aria-invalid=\"false\" value=\"\" type=\"text\" name=\"telefono\" \/><\/span>\n<\/p>\n<p>N\u00famero da matr\u00edcula\n<\/p>\n<p><span class=\"wpcf7-form-control-wrap\" data-name=\"matrikulo\"><input size=\"40\" maxlength=\"400\" class=\"wpcf7-form-control wpcf7-text wpcf7-validates-as-required\" aria-required=\"true\" aria-invalid=\"false\" value=\"\" type=\"text\" name=\"matrikulo\" \/><\/span>\n<\/p>\n<div class=\"wpcf7-response-output\" aria-hidden=\"true\"><\/div>\n<p><input class=\"wpcf7-form-control wpcf7-submit has-spinner\" type=\"submit\" value=\"Enviar\" \/>\n<\/p>\n<\/form>\n<\/div>\n<\/div>\n","protected":false},"excerpt":{"rendered":"<p>Esta \u00e9 uma categoria de membro exclusiva para integrantes do Programo Mia Amiko (PMA). Para preencher o formul\u00e1rio de ades\u00e3o \u00e0 Categoria de Membro Virtual PMA-EASP, voc\u00ea vai precisar informa o n\u00famero da sua matr\u00edcula no Programa Mia Amiko. Para ver o n\u00famero da sua matr\u00edcula do PMA, clique aquiCaso ainda n\u00e3o seja matriculado, solicite &hellip; <\/p>\n<p class=\"link-more\"><a href=\"https:\/\/easp.org.br\/asocio\/membro-virtual\/\" class=\"more-link\">Continue lendo<span class=\"screen-reader-text\"> &#8220;Membro Virtual&#8221;<\/span><\/a><\/p>\n","protected":false},"author":2,"featured_media":0,"parent":0,"menu_order":0,"comment_status":"closed","ping_status":"closed","template":"","meta":{"advgb_blocks_editor_width":"","advgb_blocks_columns_visual_guide":"","footnotes":""},"class_list":["post-5121","page","type-page","status-publish","hentry"],"coauthors":[],"author_meta":{"author_link":"https:\/\/easp.org.br\/asocio\/author\/redaktanto\/","display_name":"Redaktanto"},"relative_dates":{"created":"Publicado 2 meses atr\u00e1s","modified":"Atualizado 2 meses atr\u00e1s"},"absolute_dates":{"created":"Publicado em 12\/02\/2026","modified":"Atualizado em 12\/02\/2026"},"absolute_dates_time":{"created":"Publicado em 12\/02\/2026 16:28","modified":"Atualizado em 12\/02\/2026 16:46"},"featured_img_caption":"","featured_img":false,"series_order":"","_links":{"self":[{"href":"https:\/\/easp.org.br\/asocio\/wp-json\/wp\/v2\/pages\/5121"}],"collection":[{"href":"https:\/\/easp.org.br\/asocio\/wp-json\/wp\/v2\/pages"}],"about":[{"href":"https:\/\/easp.org.br\/asocio\/wp-json\/wp\/v2\/types\/page"}],"author":[{"embeddable":true,"href":"https:\/\/easp.org.br\/asocio\/wp-json\/wp\/v2\/users\/2"}],"replies":[{"embeddable":true,"href":"https:\/\/easp.org.br\/asocio\/wp-json\/wp\/v2\/comments?post=5121"}],"version-history":[{"count":3,"href":"https:\/\/easp.org.br\/asocio\/wp-json\/wp\/v2\/pages\/5121\/revisions"}],"predecessor-version":[{"id":5125,"href":"https:\/\/easp.org.br\/asocio\/wp-json\/wp\/v2\/pages\/5121\/revisions\/5125"}],"wp:attachment":[{"href":"https:\/\/easp.org.br\/asocio\/wp-json\/wp\/v2\/media?parent=5121"}],"curies":[{"name":"wp","href":"https:\/\/api.w.org\/{rel}","templated":true}]}}