{"id":4921,"date":"2024-10-16T20:06:07","date_gmt":"2024-10-16T23:06:07","guid":{"rendered":"https:\/\/easp.org.br\/asocio\/?page_id=4921"},"modified":"2025-08-17T15:20:15","modified_gmt":"2025-08-17T18:20:15","slug":"pma","status":"publish","type":"page","link":"https:\/\/easp.org.br\/asocio\/pma\/","title":{"rendered":"PMA"},"content":{"rendered":"\n<h2 class=\"wp-block-heading has-medium-font-size\" id=\"doacoes-ao-pma-juntos-podemos-fazer-mais-11db4b64-b654-423a-863a-950cd95d8924\">Doa\u00e7\u00f5es ao PMA: Juntos Podemos Fazer Mais<\/h2>\n\n\n\n<div class=\"wp-block-media-text is-stacked-on-mobile\" style=\"grid-template-columns:34% auto\"><figure class=\"wp-block-media-text__media\"><a href=\"https:\/\/pma.brazilo.org\/doacoes-ao-pma-juntos-podemos-fazer-mais\/\"><img loading=\"lazy\" decoding=\"async\" width=\"500\" height=\"500\" src=\"https:\/\/easp.org.br\/asocio\/wp-content\/uploads\/2024\/10\/donacafisho.png\" alt=\"\" class=\"wp-image-4948 size-full\" srcset=\"https:\/\/easp.org.br\/asocio\/wp-content\/uploads\/2024\/10\/donacafisho.png 500w, https:\/\/easp.org.br\/asocio\/wp-content\/uploads\/2024\/10\/donacafisho-300x300.png 300w, https:\/\/easp.org.br\/asocio\/wp-content\/uploads\/2024\/10\/donacafisho-150x150.png 150w, https:\/\/easp.org.br\/asocio\/wp-content\/uploads\/2024\/10\/donacafisho-100x100.png 100w\" sizes=\"(max-width: 500px) 100vw, 500px\" \/><\/a><\/figure><div class=\"wp-block-media-text__content\">\n<p>O <a href=\"https:\/\/pma.brazilo.org\/\" target=\"_blank\" rel=\"noreferrer noopener\">Programa Mia Amiko<\/a> (PMA) conta com o generoso apoio de alunos e amigos que compartilham do nosso compromisso de formar uma comunidade global de falantes de Esperanto. Todos os nossos cursos s\u00e3o oferecidos gratuitamente, permitindo que qualquer pessoa, em qualquer lugar, tenha a oportunidade de aprender e se envolver com o Esperanto.<\/p>\n<\/div><\/div>\n\n\n\n<p>Contudo, manter esse trabalho exige recursos. Embora nossos volunt\u00e1rios e monitores contribuam com despesas pessoais, como internet, manuten\u00e7\u00e3o de plataformas online e outros custos relacionados ao ensino, sonhamos em ir al\u00e9m. Queremos valorizar nossos dedicados alunos e volunt\u00e1rios, oferecendo pr\u00eamios em forma de livros e proporcionando oportunidades para que participem de congressos de Esperanto, cobrindo as despesas de inscri\u00e7\u00e3o e at\u00e9 mesmo de transporte. Infelizmente, nossa atual situa\u00e7\u00e3o financeira n\u00e3o nos permite realizar esses desejos.<\/p>\n\n\n\n<p>Se voc\u00ea acredita no poder transformador do Esperanto e deseja colaborar para que possamos ampliar nossas a\u00e7\u00f5es, convidamos voc\u00ea a fazer uma doa\u00e7\u00e3o. Seu gesto de generosidade far\u00e1 uma grande diferen\u00e7a, ajudando a fortalecer nossa comunidade e a oferecer mais oportunidades \u00e0queles que se dedicam ao idioma.<\/p>\n\n\n\n<p>As doa\u00e7\u00f5es de qualquer valor podem ser feitas atrav\u00e9s da EASP, nossa institui\u00e7\u00e3o parceira, via transfer\u00eancia, dep\u00f3sito ou Pix:<\/p>\n\n\n\n<div class=\"wp-block-advgb-infobox advgb-infobox-wrapper has-text-align-center advgb-infobox-1bc3b45e-1624-42c9-9090-1d27175517db\"><div class=\"advgb-infobox-wrap\"><div class=\"advgb-infobox-icon-container\"><div class=\"advgb-infobox-icon-inner-container\"><i class=\"material-icons-outlined\">beenhere<\/i><\/div><\/div><div class=\"advgb-infobox-textcontent\"><h3 class=\"advgb-infobox-title\">Banco Bradesco<\/h3><p class=\"advgb-infobox-text\">Ag\u00eancia: 368<br>C\/C: 17410-6<br>Pix: 59.955.476\/0001-29<\/p><\/div><\/div><\/div>\n\n\n\n<div style=\"height:40px\" aria-hidden=\"true\" class=\"wp-block-spacer\"><\/div>\n\n\n\n<p><\/p>\n\n\n\n<p>Ap\u00f3s o dep\u00f3sito, pedimos que envie uma c\u00f3pia do comprovante para os e-mails: <em>donaco@brazilo.org<\/em><strong><em> <\/em><\/strong>e <em>financo@easp.com.br<\/em> <\/p>\n\n\n\n<p>Sua contribui\u00e7\u00e3o, por menor que seja, ser\u00e1 recebida com imensa gratid\u00e3o e ser\u00e1 fundamental para continuarmos nossa miss\u00e3o. Agradecemos profundamente por acreditar no nosso trabalho e por apoiar o crescimento da nossa comunidade.<\/p>\n\n\n\n<div class=\"wp-block-columns is-layout-flex wp-container-core-columns-is-layout-2 wp-block-columns-is-layout-flex\">\n<div class=\"wp-block-column is-layout-flow wp-block-column-is-layout-flow\" style=\"flex-basis:100%\">\n<div class=\"wp-block-advgb-container advgb-blocks-container\">\n<div class=\"wp-block-advgb-container advgb-blocks-container\">\n<div class=\"wp-block-columns are-vertically-aligned-center is-layout-flex wp-container-core-columns-is-layout-1 wp-block-columns-is-layout-flex\">\n<div class=\"wp-block-column is-vertically-aligned-center is-layout-flow wp-block-column-is-layout-flow\" style=\"flex-basis:100%\"><div class=\"wp-block-image\">\n<figure class=\"aligncenter size-medium\"><img loading=\"lazy\" decoding=\"async\" width=\"300\" height=\"116\" src=\"https:\/\/easp.org.br\/asocio\/wp-content\/uploads\/2024\/10\/easp-pma-300x116.png\" alt=\"\" class=\"wp-image-4926\" srcset=\"https:\/\/easp.org.br\/asocio\/wp-content\/uploads\/2024\/10\/easp-pma-300x116.png 300w, https:\/\/easp.org.br\/asocio\/wp-content\/uploads\/2024\/10\/easp-pma.png 598w\" sizes=\"(max-width: 300px) 100vw, 300px\" \/><\/figure><\/div><\/div>\n<\/div>\n<\/div>\n<\/div>\n<\/div>\n<\/div>\n\n\n\n<p><\/p>\n<style class=\"advgb-styles-renderer\">#advgb-infobox-1bc3b45e-1624-42c9-9090-1d27175517db, .advgb-infobox-1bc3b45e-1624-42c9-9090-1d27175517db {background-color: #f5f5f5;padding: 20px 20px 20px 20px;border: 0px solid #e8e8e8 ;border-radius: 0px;}#advgb-infobox-1bc3b45e-1624-42c9-9090-1d27175517db .advgb-infobox-icon-container, .advgb-infobox-1bc3b45e-1624-42c9-9090-1d27175517db .advgb-infobox-icon-container {background-color: #f5f5f5;padding: 0;margin: 0;border: 0px solid #e8e8e8 ;border-radius: 0px;}#advgb-infobox-1bc3b45e-1624-42c9-9090-1d27175517db .advgb-infobox-icon-container i, .advgb-infobox-1bc3b45e-1624-42c9-9090-1d27175517db .advgb-infobox-icon-container i {color: #333;font-size: 1px;display: block;}#advgb-infobox-1bc3b45e-1624-42c9-9090-1d27175517db .advgb-infobox-textcontent .advgb-infobox-title, .advgb-infobox-1bc3b45e-1624-42c9-9090-1d27175517db .advgb-infobox-textcontent .advgb-infobox-title {color: #333;padding: 0;margin: 5px 0 10px 0;white-space: pre-wrap;}#advgb-infobox-1bc3b45e-1624-42c9-9090-1d27175517db .advgb-infobox-textcontent .advgb-infobox-text, .advgb-infobox-1bc3b45e-1624-42c9-9090-1d27175517db .advgb-infobox-textcontent .advgb-infobox-text {color: #333;padding: 0;margin: 0;white-space: pre-wrap;}<\/style>","protected":false},"excerpt":{"rendered":"<p>Doa\u00e7\u00f5es ao PMA: Juntos Podemos Fazer Mais O Programa Mia Amiko (PMA) conta com o generoso apoio de alunos e amigos que compartilham do nosso compromisso de formar uma comunidade global de falantes de Esperanto. Todos os nossos cursos s\u00e3o oferecidos gratuitamente, permitindo que qualquer pessoa, em qualquer lugar, tenha a oportunidade de aprender e &hellip; <\/p>\n<p class=\"link-more\"><a href=\"https:\/\/easp.org.br\/asocio\/pma\/\" class=\"more-link\">Continue lendo<span class=\"screen-reader-text\"> &#8220;PMA&#8221;<\/span><\/a><\/p>\n","protected":false},"author":2,"featured_media":0,"parent":0,"menu_order":0,"comment_status":"closed","ping_status":"closed","template":"","meta":{"advgb_blocks_editor_width":"","advgb_blocks_columns_visual_guide":"","footnotes":""},"class_list":["post-4921","page","type-page","status-publish","hentry"],"coauthors":[],"author_meta":{"author_link":"https:\/\/easp.org.br\/asocio\/author\/redaktanto\/","display_name":"Redaktanto"},"relative_dates":{"created":"Publicado 1 ano atr\u00e1s","modified":"Atualizado 8 meses atr\u00e1s"},"absolute_dates":{"created":"Publicado em 16\/10\/2024","modified":"Atualizado em 17\/08\/2025"},"absolute_dates_time":{"created":"Publicado em 16\/10\/2024 20:06","modified":"Atualizado em 17\/08\/2025 15:20"},"featured_img_caption":"","featured_img":false,"series_order":"","_links":{"self":[{"href":"https:\/\/easp.org.br\/asocio\/wp-json\/wp\/v2\/pages\/4921"}],"collection":[{"href":"https:\/\/easp.org.br\/asocio\/wp-json\/wp\/v2\/pages"}],"about":[{"href":"https:\/\/easp.org.br\/asocio\/wp-json\/wp\/v2\/types\/page"}],"author":[{"embeddable":true,"href":"https:\/\/easp.org.br\/asocio\/wp-json\/wp\/v2\/users\/2"}],"replies":[{"embeddable":true,"href":"https:\/\/easp.org.br\/asocio\/wp-json\/wp\/v2\/comments?post=4921"}],"version-history":[{"count":16,"href":"https:\/\/easp.org.br\/asocio\/wp-json\/wp\/v2\/pages\/4921\/revisions"}],"predecessor-version":[{"id":5065,"href":"https:\/\/easp.org.br\/asocio\/wp-json\/wp\/v2\/pages\/4921\/revisions\/5065"}],"wp:attachment":[{"href":"https:\/\/easp.org.br\/asocio\/wp-json\/wp\/v2\/media?parent=4921"}],"curies":[{"name":"wp","href":"https:\/\/api.w.org\/{rel}","templated":true}]}}