{"id":4345,"date":"2021-12-08T11:51:06","date_gmt":"2021-12-08T14:51:06","guid":{"rendered":"https:\/\/easp.org.br\/asocio\/?page_id=4345"},"modified":"2021-12-08T21:27:17","modified_gmt":"2021-12-09T00:27:17","slug":"amigos-do-esperanto","status":"publish","type":"page","link":"https:\/\/easp.org.br\/asocio\/amigos-do-esperanto\/","title":{"rendered":"Amigos do Esperanto"},"content":{"rendered":"\n<p>Seja voc\u00ea tamb\u00e9m um admirador da causa esperantista, contribuindo com uma doa\u00e7\u00e3o anual de R$ 100,00 (cem reais) para a manuten\u00e7\u00e3o das atividades da Associa\u00e7\u00e3o Paulista de Esperanto (EASP) que tem entre seus objetivos o incentivo \u00e0 pr\u00e1tica e \u00e0 divulga\u00e7\u00e3o da L\u00edngua Internacional Esperanto, mediante a\u00e7\u00f5es internas, externas e virtuais.<\/p>\n\n\n\n<a href=\"https:\/\/pag.ae\/7XNnf1Z-u\/button\" target=\"_blank\" title=\"Pagar com PagSeguro\" rel=\"noopener\"><img decoding=\"async\" src=\"\/\/assets.pagseguro.com.br\/ps-integration-assets\/botoes\/pagamentos\/205x30-pagar.gif\" alt=\"Pague com PagSeguro - \u00e9 r\u00e1pido, gr\u00e1tis e seguro!\"><\/a>\n\n\n\n<hr class=\"wp-block-separator\"\/>\n\n\n\n<p>Caso prefira fazer um dep\u00f3sito ou transfer\u00eancia, seguem os dados banc\u00e1rios:<\/p>\n\n\n\n<p>BRADESCO<br>Ag\u00eancia 368 (caso solicitado, acrescentar o d\u00edgito 9)<br>C\/C 17410-6<br>Favorecido: Associa\u00e7\u00e3o Paulista de Esperanto<\/p>\n\n\n\n<p>CNPJ 59.955.476\/0001-29<\/p>\n\n\n\n<p>(Para pagamento via PIX use o CNPJ acima)<\/p>\n\n\n\n<p>Ap\u00f3s o pagamento, por favor, envie uma c\u00f3pia do comprovante de dep\u00f3sito para <br>&lt; <em>financo @ easp. org. br<\/em> &gt; (tudo junto).<\/p>\n","protected":false},"excerpt":{"rendered":"<p>Seja voc\u00ea tamb\u00e9m um admirador da causa esperantista, contribuindo com uma doa\u00e7\u00e3o anual de R$ 100,00 (cem reais) para a manuten\u00e7\u00e3o das atividades da Associa\u00e7\u00e3o Paulista de Esperanto (EASP) que tem entre seus objetivos o incentivo \u00e0 pr\u00e1tica e \u00e0 divulga\u00e7\u00e3o da L\u00edngua Internacional Esperanto, mediante a\u00e7\u00f5es internas, externas e virtuais. Caso prefira fazer um &hellip; <\/p>\n<p class=\"link-more\"><a href=\"https:\/\/easp.org.br\/asocio\/amigos-do-esperanto\/\" class=\"more-link\">Continue lendo<span class=\"screen-reader-text\"> &#8220;Amigos do Esperanto&#8221;<\/span><\/a><\/p>\n","protected":false},"author":2,"featured_media":0,"parent":0,"menu_order":0,"comment_status":"closed","ping_status":"closed","template":"template-full-width.php","meta":{"advgb_blocks_editor_width":"","advgb_blocks_columns_visual_guide":"","footnotes":""},"class_list":["post-4345","page","type-page","status-publish","hentry"],"coauthors":[],"author_meta":{"author_link":"https:\/\/easp.org.br\/asocio\/author\/redaktanto\/","display_name":"Redaktanto"},"relative_dates":{"created":"Publicado 4 anos atr\u00e1s","modified":"Atualizado 4 anos atr\u00e1s"},"absolute_dates":{"created":"Publicado em 08\/12\/2021","modified":"Atualizado em 08\/12\/2021"},"absolute_dates_time":{"created":"Publicado em 08\/12\/2021 11:51","modified":"Atualizado em 08\/12\/2021 21:27"},"featured_img_caption":"","featured_img":false,"series_order":"","_links":{"self":[{"href":"https:\/\/easp.org.br\/asocio\/wp-json\/wp\/v2\/pages\/4345"}],"collection":[{"href":"https:\/\/easp.org.br\/asocio\/wp-json\/wp\/v2\/pages"}],"about":[{"href":"https:\/\/easp.org.br\/asocio\/wp-json\/wp\/v2\/types\/page"}],"author":[{"embeddable":true,"href":"https:\/\/easp.org.br\/asocio\/wp-json\/wp\/v2\/users\/2"}],"replies":[{"embeddable":true,"href":"https:\/\/easp.org.br\/asocio\/wp-json\/wp\/v2\/comments?post=4345"}],"version-history":[{"count":5,"href":"https:\/\/easp.org.br\/asocio\/wp-json\/wp\/v2\/pages\/4345\/revisions"}],"predecessor-version":[{"id":4356,"href":"https:\/\/easp.org.br\/asocio\/wp-json\/wp\/v2\/pages\/4345\/revisions\/4356"}],"wp:attachment":[{"href":"https:\/\/easp.org.br\/asocio\/wp-json\/wp\/v2\/media?parent=4345"}],"curies":[{"name":"wp","href":"https:\/\/api.w.org\/{rel}","templated":true}]}}