{"id":4193,"date":"2021-11-01T20:57:02","date_gmt":"2021-11-01T23:57:02","guid":{"rendered":"https:\/\/easp.org.br\/asocio\/?page_id=4193"},"modified":"2025-09-26T09:34:23","modified_gmt":"2025-09-26T12:34:23","slug":"cursos","status":"publish","type":"page","link":"https:\/\/easp.org.br\/asocio\/cursos\/","title":{"rendered":"Cursos"},"content":{"rendered":"\n<h2 class=\"wp-block-heading\" id=\"cursos\">Por onde come\u00e7ar<\/h2>\n\n\n\n<p class=\"has-text-align-left\" id=\"cursos\">Algumas dicas para estudo do Esperanto na internet.<\/p>\n\n\n\n<hr class=\"wp-block-separator has-css-opacity\"\/>\n\n\n\n<div class=\"wp-block-media-text alignwide is-stacked-on-mobile\" style=\"grid-template-columns:15% auto\"><figure class=\"wp-block-media-text__media\"><a href=\"https:\/\/learn.esperanto.com\/pt\/\" target=\"_blank\" rel=\"noopener\"><img loading=\"lazy\" decoding=\"async\" width=\"175\" height=\"175\" src=\"https:\/\/easp.org.br\/asocio\/wp-content\/uploads\/2017\/01\/zagrebo.png\" alt=\"\" class=\"wp-image-1598 size-full\" srcset=\"https:\/\/easp.org.br\/asocio\/wp-content\/uploads\/2017\/01\/zagrebo.png 175w, https:\/\/easp.org.br\/asocio\/wp-content\/uploads\/2017\/01\/zagrebo-150x150.png 150w\" sizes=\"(max-width: 175px) 100vw, 175px\" \/><\/a><\/figure><div class=\"wp-block-media-text__content\">\n<p><strong>Zagreba Metodo<\/strong><br><a href=\"https:\/\/learn.esperanto.com\/pt\/\" target=\"_blank\" rel=\"noreferrer noopener\">Curso gratuito<\/a>, compat\u00edvel com aparelhos m\u00f3veis, composto de 12 li\u00e7\u00f5es e apenas 500 palavras mais importantes da l\u00edngua. N\u00e3o precisa fazer cadastro.<\/p>\n\n\n\n<hr class=\"wp-block-separator has-css-opacity\"\/>\n<\/div><\/div>\n\n\n\n<div class=\"wp-block-media-text alignwide is-stacked-on-mobile\" style=\"grid-template-columns:15% auto\"><figure class=\"wp-block-media-text__media\"><a href=\"http:\/\/www.kurso.com.br\/\" target=\"_blank\" rel=\"noopener\"><img loading=\"lazy\" decoding=\"async\" width=\"292\" height=\"292\" src=\"https:\/\/easp.org.br\/asocio\/wp-content\/uploads\/2017\/01\/kape1.png\" alt=\"\" class=\"wp-image-1592 size-full\" srcset=\"https:\/\/easp.org.br\/asocio\/wp-content\/uploads\/2017\/01\/kape1.png 292w, https:\/\/easp.org.br\/asocio\/wp-content\/uploads\/2017\/01\/kape1-150x150.png 150w, https:\/\/easp.org.br\/asocio\/wp-content\/uploads\/2017\/01\/kape1-250x250.png 250w\" sizes=\"(max-width: 292px) 100vw, 292px\" \/><\/a><\/figure><div class=\"wp-block-media-text__content\">\n<p><strong>KaPe<\/strong><br><a href=\"http:\/\/www.kurso.com.br\/\" target=\"_blank\" rel=\"noreferrer noopener\">Curso gratuito<\/a> multim\u00eddia e multiplataforma com 12 li\u00e7\u00f5es para instalar no computador ou baixar o app para aparelhos m\u00f3veis.<\/p>\n\n\n\n<hr class=\"wp-block-separator has-css-opacity\"\/>\n<\/div><\/div>\n\n\n\n<div class=\"wp-block-media-text alignwide is-stacked-on-mobile\" style=\"grid-template-columns:15% auto\"><figure class=\"wp-block-media-text__media\"><a href=\"https:\/\/lernu.net\/\" target=\"_blank\" rel=\"noopener\"><img loading=\"lazy\" decoding=\"async\" width=\"201\" height=\"166\" src=\"https:\/\/easp.org.br\/asocio\/wp-content\/uploads\/2017\/01\/lernu.png\" alt=\"\" class=\"wp-image-1594 size-full\"\/><\/a><\/figure><div class=\"wp-block-media-text__content\">\n<p><strong>Lernu<\/strong><br><a href=\"https:\/\/lernu.net\/\" target=\"_blank\" rel=\"noreferrer noopener\">Portal multil\u00edngue<\/a> para aprendizado do Esperanto com vasto material de estudo dispon\u00edvel gratuitamente mediante um simples registro, tamb\u00e9m gratuito.<\/p>\n<\/div><\/div>\n\n\n\n<pre class=\"wp-block-preformatted\">Para quem estiver interessado em cursos online de Esperanto gratuitos e com monitoria, uma \u00f3tima dica \u00e9 o <span class=\"has-inline-color has-green-color\"><a href=\"http:\/\/pma.brazilo.org\" target=\"_blank\" rel=\"noreferrer noopener\">Programa Mia Amiko<\/a><\/span> - uma comunidade din\u00e2mica com diversas atividades virtuais em torno da L\u00edngua Internacional Esperanto.<\/pre>\n\n\n\n<p><\/p>\n","protected":false},"excerpt":{"rendered":"<p>Por onde come\u00e7ar Algumas dicas para estudo do Esperanto na internet. LernuPortal multil\u00edngue para aprendizado do Esperanto com vasto material de estudo dispon\u00edvel gratuitamente mediante um simples registro, tamb\u00e9m gratuito. Para quem estiver interessado em cursos online de Esperanto gratuitos e com monitoria, uma \u00f3tima dica \u00e9 o Programa Mia Amiko &#8211; uma comunidade din\u00e2mica &hellip; <\/p>\n<p class=\"link-more\"><a href=\"https:\/\/easp.org.br\/asocio\/cursos\/\" class=\"more-link\">Continue lendo<span class=\"screen-reader-text\"> &#8220;Cursos&#8221;<\/span><\/a><\/p>\n","protected":false},"author":2,"featured_media":4243,"parent":0,"menu_order":0,"comment_status":"closed","ping_status":"closed","template":"","meta":{"advgb_blocks_editor_width":"","advgb_blocks_columns_visual_guide":"","footnotes":""},"class_list":["post-4193","page","type-page","status-publish","has-post-thumbnail","hentry"],"coauthors":[],"author_meta":{"author_link":"https:\/\/easp.org.br\/asocio\/author\/redaktanto\/","display_name":"Redaktanto"},"relative_dates":{"created":"Publicado 5 anos atr\u00e1s","modified":"Atualizado 8 meses atr\u00e1s"},"absolute_dates":{"created":"Publicado em 01\/11\/2021","modified":"Atualizado em 26\/09\/2025"},"absolute_dates_time":{"created":"Publicado em 01\/11\/2021 20:57","modified":"Atualizado em 26\/09\/2025 09:34"},"featured_img_caption":"","featured_img":"https:\/\/easp.org.br\/asocio\/wp-content\/uploads\/2021\/11\/fono_skribado.jpg","series_order":"","_links":{"self":[{"href":"https:\/\/easp.org.br\/asocio\/wp-json\/wp\/v2\/pages\/4193"}],"collection":[{"href":"https:\/\/easp.org.br\/asocio\/wp-json\/wp\/v2\/pages"}],"about":[{"href":"https:\/\/easp.org.br\/asocio\/wp-json\/wp\/v2\/types\/page"}],"author":[{"embeddable":true,"href":"https:\/\/easp.org.br\/asocio\/wp-json\/wp\/v2\/users\/2"}],"replies":[{"embeddable":true,"href":"https:\/\/easp.org.br\/asocio\/wp-json\/wp\/v2\/comments?post=4193"}],"version-history":[{"count":18,"href":"https:\/\/easp.org.br\/asocio\/wp-json\/wp\/v2\/pages\/4193\/revisions"}],"predecessor-version":[{"id":5086,"href":"https:\/\/easp.org.br\/asocio\/wp-json\/wp\/v2\/pages\/4193\/revisions\/5086"}],"wp:featuredmedia":[{"embeddable":true,"href":"https:\/\/easp.org.br\/asocio\/wp-json\/wp\/v2\/media\/4243"}],"wp:attachment":[{"href":"https:\/\/easp.org.br\/asocio\/wp-json\/wp\/v2\/media?parent=4193"}],"curies":[{"name":"wp","href":"https:\/\/api.w.org\/{rel}","templated":true}]}}