{"id":4185,"date":"2021-11-01T20:22:51","date_gmt":"2021-11-01T23:22:51","guid":{"rendered":"https:\/\/easp.org.br\/asocio\/?page_id=4185"},"modified":"2023-11-21T08:26:57","modified_gmt":"2023-11-21T11:26:57","slug":"inicio","status":"publish","type":"page","link":"https:\/\/easp.org.br\/asocio\/","title":{"rendered":"EASP"},"content":{"rendered":"\n<p>A Associa\u00e7\u00e3o Paulista de Esperanto (EASP) \u00e9 uma entidade cultural, sem fins lucrativos, fundada em 1937 e mantida por contribui\u00e7\u00f5es dos associados, tendo entre seus objetivos o incentivo \u00e0 pr\u00e1tica e \u00e0 divulga\u00e7\u00e3o do Esperanto, mediante atividades internas, externas e virtuais.<\/p>\n","protected":false},"excerpt":{"rendered":"<p>A Associa\u00e7\u00e3o Paulista de Esperanto (EASP) \u00e9 uma entidade cultural, sem fins lucrativos, fundada em 1937 e mantida por contribui\u00e7\u00f5es dos associados, tendo entre seus objetivos o incentivo \u00e0 pr\u00e1tica e \u00e0 divulga\u00e7\u00e3o do Esperanto, mediante atividades internas, externas e virtuais.<\/p>\n","protected":false},"author":2,"featured_media":4295,"parent":0,"menu_order":0,"comment_status":"closed","ping_status":"closed","template":"","meta":{"advgb_blocks_editor_width":"","advgb_blocks_columns_visual_guide":"","footnotes":""},"class_list":["post-4185","page","type-page","status-publish","has-post-thumbnail","hentry"],"coauthors":[],"author_meta":{"author_link":"https:\/\/easp.org.br\/asocio\/author\/redaktanto\/","display_name":"Redaktanto"},"relative_dates":{"created":"Publicado 4 anos atr\u00e1s","modified":"Atualizado 2 anos atr\u00e1s"},"absolute_dates":{"created":"Publicado em 01\/11\/2021","modified":"Atualizado em 21\/11\/2023"},"absolute_dates_time":{"created":"Publicado em 01\/11\/2021 20:22","modified":"Atualizado em 21\/11\/2023 08:26"},"featured_img_caption":"","featured_img":"https:\/\/easp.org.br\/asocio\/wp-content\/uploads\/2021\/11\/fono_levponto-1.jpg","series_order":"","_links":{"self":[{"href":"https:\/\/easp.org.br\/asocio\/wp-json\/wp\/v2\/pages\/4185"}],"collection":[{"href":"https:\/\/easp.org.br\/asocio\/wp-json\/wp\/v2\/pages"}],"about":[{"href":"https:\/\/easp.org.br\/asocio\/wp-json\/wp\/v2\/types\/page"}],"author":[{"embeddable":true,"href":"https:\/\/easp.org.br\/asocio\/wp-json\/wp\/v2\/users\/2"}],"replies":[{"embeddable":true,"href":"https:\/\/easp.org.br\/asocio\/wp-json\/wp\/v2\/comments?post=4185"}],"version-history":[{"count":5,"href":"https:\/\/easp.org.br\/asocio\/wp-json\/wp\/v2\/pages\/4185\/revisions"}],"predecessor-version":[{"id":4614,"href":"https:\/\/easp.org.br\/asocio\/wp-json\/wp\/v2\/pages\/4185\/revisions\/4614"}],"wp:featuredmedia":[{"embeddable":true,"href":"https:\/\/easp.org.br\/asocio\/wp-json\/wp\/v2\/media\/4295"}],"wp:attachment":[{"href":"https:\/\/easp.org.br\/asocio\/wp-json\/wp\/v2\/media?parent=4185"}],"curies":[{"name":"wp","href":"https:\/\/api.w.org\/{rel}","templated":true}]}}