{"id":4166,"date":"2021-11-01T20:07:36","date_gmt":"2021-11-01T23:07:36","guid":{"rendered":"https:\/\/easp.org.br\/asocio\/?page_id=4166"},"modified":"2026-01-12T08:27:32","modified_gmt":"2026-01-12T11:27:32","slug":"filiacao","status":"publish","type":"page","link":"https:\/\/easp.org.br\/asocio\/filiacao\/","title":{"rendered":"Filia\u00e7\u00e3o"},"content":{"rendered":"\n<p id=\"filiacao\">Para se filiar \u00e0 Associa\u00e7\u00e3o Paulista de Esperanto (EASP) basta escolher uma das categorias de contribui\u00e7\u00e3o abaixo. Sua filia\u00e7\u00e3o ajuda na manuten\u00e7\u00e3o da sede e das atividades da EASP.<\/p>\n\n\n\n<hr class=\"wp-block-separator has-css-opacity\"\/>\n\n\n\n<p id=\"filia\u00e7\u00e3o\"><div id=\"rpt_pricr\" class=\"rpt_plans rpt_2_plans rpt_style_basic\"><div class=\" rpt_sm_title rpt_sm_subtitle rpt_xxsm_price\"><div class=\"rpt_plan   rpt_plan_0  \"><div style=\"text-align:center;\" class=\"rpt_title rpt_title_0\">Membro do Interior<\/div><div class=\"rpt_head rpt_head_0\"><div class=\"rpt_recurrence rpt_recurrence_0\">Valor da anuidade<\/div><div class=\"rpt_price rpt_price_0\"><sup class=\"rpt_currency\"><\/sup>100,00<\/div><div style=\"color:#81d742;\" class=\"rpt_subtitle rpt_subtitle_0\">(Pag\u00e1vel com Pix Bradesco)<\/div><div class=\"rpt_description rpt_description_0\">Para membros do Interior e jovens at\u00e9 29 anos<\/div><\/div><a target=\"_blank\" href=\"https:\/\/easp.org.br\/asocio\/filiacao-2026\/\" style=\"background:#81d742\" class=\"rpt_foot rpt_foot_0\">Solicite sua filia\u00e7\u00e3o<\/a><\/div><div class=\"rpt_plan   rpt_plan_1  \"><div style=\"text-align:center;\" class=\"rpt_title rpt_title_1\">Membro Simples<\/div><div class=\"rpt_head rpt_head_1\"><div class=\"rpt_recurrence rpt_recurrence_1\">Valor da anuidade<\/div><div class=\"rpt_price rpt_price_1\"><sup class=\"rpt_currency\"><\/sup>200,00<\/div><div style=\"color:#81d742;\" class=\"rpt_subtitle rpt_subtitle_1\">(Pag\u00e1vel com Pix Bradesco)<\/div><div class=\"rpt_description rpt_description_1\">Para membros da Capital e de outros Estados<\/div><\/div><a target=\"_blank\" href=\"https:\/\/easp.org.br\/asocio\/filiacao-2026\/\" style=\"background:#81d742\" class=\"rpt_foot rpt_foot_1\">Solicite sua filia\u00e7\u00e3o<\/a><\/div><\/div><\/div><div style=\"clear:both;\"><\/div><\/p>\n\n\n\n<hr class=\"wp-block-separator has-css-opacity\"\/>\n\n\n\n<div id=\"rpt_pricr\" class=\"rpt_plans rpt_2_plans rpt_style_basic\"><div class=\" rpt_sm_title rpt_sm_subtitle rpt_xxsm_price\"><div class=\"rpt_plan   rpt_plan_0  \"><div style=\"text-align:center;\" class=\"rpt_title rpt_title_0\">Membro Mantenedor<\/div><div class=\"rpt_head rpt_head_0\"><div class=\"rpt_recurrence rpt_recurrence_0\">Valor da anuidade<\/div><div class=\"rpt_price rpt_price_0\"><sup class=\"rpt_currency\"><\/sup>400,00<\/div><div style=\"color:#81d742;\" class=\"rpt_subtitle rpt_subtitle_0\">(Pag\u00e1vel com Pix Bradesco)<\/div><div class=\"rpt_description rpt_description_0\">Para membros de qualquer cidade ou estado<\/div><\/div><a target=\"_blank\" href=\"https:\/\/easp.org.br\/asocio\/filiacao-2026\/\" style=\"background:#81d742\" class=\"rpt_foot rpt_foot_0\">Solicite sua filia\u00e7\u00e3o<\/a><\/div><div class=\"rpt_plan   rpt_plan_1  \"><div style=\"text-align:center;\" class=\"rpt_title rpt_title_1\">Membro Virtual<\/div><div class=\"rpt_head rpt_head_1\"><div class=\"rpt_recurrence rpt_recurrence_1\">Valor da anuidade<\/div><div class=\"rpt_price rpt_price_1\"><sup class=\"rpt_currency\"><\/sup>50,00<\/div><div style=\"color:#81d742;\" class=\"rpt_subtitle rpt_subtitle_1\">(Pag\u00e1vel com Pix Bradesco)<\/div><div class=\"rpt_description rpt_description_1\">Para integrantes do Programa Mia Amiko<\/div><\/div><a target=\"_blank\" href=\"https:\/\/easp.org.br\/asocio\/membro-virtual\/\" style=\"background:#81d742\" class=\"rpt_foot rpt_foot_1\">Solicite sua filia\u00e7\u00e3o<\/a><\/div><\/div><\/div><div style=\"clear:both;\"><\/div>\n\n\n\n<hr class=\"wp-block-separator has-alpha-channel-opacity\"\/>\n\n\n\n<div id=\"rpt_pricr\" class=\"rpt_plans rpt_1_plans rpt_style_basic\"><div class=\"\"><div class=\"rpt_plan  rpt_plugin_f rpt_plan_0  \"><div style=\"text-align:center;\" class=\"rpt_title rpt_title_0\">Grupo Adeso<\/div><div class=\"rpt_head rpt_head_0\"><div class=\"rpt_recurrence rpt_recurrence_0\">Valor da taxa anual<\/div><div class=\"rpt_price rpt_price_0\">40,00<\/div><div style=\"color:#81d742;\" class=\"rpt_subtitle rpt_subtitle_0\">(Pag\u00e1vel com Pix Bradesco)<\/div><div class=\"rpt_description rpt_description_0\">Apenas para grupos de Esperanto<\/div><\/div><a target=\"_blank\" href=\"https:\/\/easp.org.br\/asocio\/filiacao-2026\/\" style=\"background:#81d742\" class=\"rpt_foot rpt_foot_0\">Solicite sua ades\u00e3o<\/a><\/div><\/div><\/div><div style=\"clear:both;\"><\/div>\n\n\n\n<p><\/p>\n","protected":false},"excerpt":{"rendered":"<p>Para se filiar \u00e0 Associa\u00e7\u00e3o Paulista de Esperanto (EASP) basta escolher uma das categorias de contribui\u00e7\u00e3o abaixo. Sua filia\u00e7\u00e3o ajuda na manuten\u00e7\u00e3o da sede e das atividades da EASP.<\/p>\n","protected":false},"author":2,"featured_media":4242,"parent":0,"menu_order":0,"comment_status":"closed","ping_status":"closed","template":"template-full-width.php","meta":{"advgb_blocks_editor_width":"","advgb_blocks_columns_visual_guide":"","footnotes":""},"class_list":["post-4166","page","type-page","status-publish","has-post-thumbnail","hentry"],"coauthors":[],"author_meta":{"author_link":"https:\/\/easp.org.br\/asocio\/author\/redaktanto\/","display_name":"Redaktanto"},"relative_dates":{"created":"Publicado 4 anos atr\u00e1s","modified":"Atualizado 3 meses atr\u00e1s"},"absolute_dates":{"created":"Publicado em 01\/11\/2021","modified":"Atualizado em 12\/01\/2026"},"absolute_dates_time":{"created":"Publicado em 01\/11\/2021 20:07","modified":"Atualizado em 12\/01\/2026 08:27"},"featured_img_caption":"","featured_img":"https:\/\/easp.org.br\/asocio\/wp-content\/uploads\/2021\/11\/fono_retumado.jpg","series_order":"","_links":{"self":[{"href":"https:\/\/easp.org.br\/asocio\/wp-json\/wp\/v2\/pages\/4166"}],"collection":[{"href":"https:\/\/easp.org.br\/asocio\/wp-json\/wp\/v2\/pages"}],"about":[{"href":"https:\/\/easp.org.br\/asocio\/wp-json\/wp\/v2\/types\/page"}],"author":[{"embeddable":true,"href":"https:\/\/easp.org.br\/asocio\/wp-json\/wp\/v2\/users\/2"}],"replies":[{"embeddable":true,"href":"https:\/\/easp.org.br\/asocio\/wp-json\/wp\/v2\/comments?post=4166"}],"version-history":[{"count":11,"href":"https:\/\/easp.org.br\/asocio\/wp-json\/wp\/v2\/pages\/4166\/revisions"}],"predecessor-version":[{"id":5120,"href":"https:\/\/easp.org.br\/asocio\/wp-json\/wp\/v2\/pages\/4166\/revisions\/5120"}],"wp:featuredmedia":[{"embeddable":true,"href":"https:\/\/easp.org.br\/asocio\/wp-json\/wp\/v2\/media\/4242"}],"wp:attachment":[{"href":"https:\/\/easp.org.br\/asocio\/wp-json\/wp\/v2\/media?parent=4166"}],"curies":[{"name":"wp","href":"https:\/\/api.w.org\/{rel}","templated":true}]}}