{"id":4123,"date":"2021-10-31T14:53:13","date_gmt":"2021-10-31T17:53:13","guid":{"rendered":"https:\/\/easp.org.br\/asocio\/?page_id=4123"},"modified":"2026-01-03T07:53:26","modified_gmt":"2026-01-03T10:53:26","slug":"filiacao-2026","status":"publish","type":"page","link":"https:\/\/easp.org.br\/asocio\/filiacao-2026\/","title":{"rendered":"Filia\u00e7\u00e3o 2026"},"content":{"rendered":"\n<p>Ap\u00f3s responder o formul\u00e1rio abaixo, envie uma c\u00f3pia do comprovante de pagamento da respectiva anuidade para o e-mail <em>&lt; financo@easp.org.br<\/em> >. O pagamento pode ser feito pela <strong>chave-pix<\/strong> da Associa\u00e7\u00e3o Paulista de Esperanto (conta Bradesco): CNPJ 59.955.476\/0001-29.<\/p>\n\n\n\n<p>Caso j\u00e1 seja associado e nenhuma altera\u00e7\u00e3o ocorreu nos seus dados pessoais nos \u00faltimos 12 meses, poder\u00e1 dispensar o formul\u00e1rio abaixo e nos enviar apenas o comprovante de pagamento da sua anuidade.<\/p>\n\n\n\n<div class=\"wp-block-contact-form-7-contact-form-selector\">\n<div class=\"wpcf7 no-js\" id=\"wpcf7-f4230-o1\" lang=\"pt-BR\" dir=\"ltr\">\n<div class=\"screen-reader-response\"><p role=\"status\" aria-live=\"polite\" aria-atomic=\"true\"><\/p> <ul><\/ul><\/div>\n<form action=\"\/asocio\/wp-json\/wp\/v2\/pages\/4123#wpcf7-f4230-o1\" method=\"post\" class=\"wpcf7-form init\" aria-label=\"Formul\u00e1rios de contato\" novalidate=\"novalidate\" data-status=\"init\">\n<div style=\"display: none;\">\n<input type=\"hidden\" name=\"_wpcf7\" value=\"4230\" \/>\n<input type=\"hidden\" name=\"_wpcf7_version\" value=\"5.9.8\" \/>\n<input type=\"hidden\" name=\"_wpcf7_locale\" value=\"pt_BR\" \/>\n<input type=\"hidden\" name=\"_wpcf7_unit_tag\" value=\"wpcf7-f4230-o1\" \/>\n<input type=\"hidden\" name=\"_wpcf7_container_post\" value=\"0\" \/>\n<input type=\"hidden\" name=\"_wpcf7_posted_data_hash\" value=\"\" \/>\n<input type=\"hidden\" name=\"_wpcf7_recaptcha_response\" value=\"\" \/>\n<\/div>\n<p>Nome\n<\/p>\n<p><span class=\"wpcf7-form-control-wrap\" data-name=\"nomo\"><input size=\"40\" maxlength=\"400\" class=\"wpcf7-form-control wpcf7-text wpcf7-validates-as-required\" aria-required=\"true\" aria-invalid=\"false\" value=\"\" type=\"text\" name=\"nomo\" \/><\/span>\n<\/p>\n<p> Endere\u00e7o <br \/>\n<span class=\"wpcf7-form-control-wrap\" data-name=\"adreso\"><input size=\"40\" maxlength=\"400\" class=\"wpcf7-form-control wpcf7-text wpcf7-validates-as-required\" aria-required=\"true\" aria-invalid=\"false\" value=\"\" type=\"text\" name=\"adreso\" \/><\/span>\n<\/p>\n<p>CEP<br \/>\n<span class=\"wpcf7-form-control-wrap\" data-name=\"stratkodo\"><input size=\"40\" maxlength=\"400\" class=\"wpcf7-form-control wpcf7-text wpcf7-validates-as-required\" aria-required=\"true\" aria-invalid=\"false\" placeholder=\"00000-000\" value=\"\" type=\"text\" name=\"stratkodo\" \/><\/span>\n<\/p>\n<p> Cidade<br \/>\n<span class=\"wpcf7-form-control-wrap\" data-name=\"urbo\"><input size=\"40\" maxlength=\"400\" class=\"wpcf7-form-control wpcf7-text wpcf7-validates-as-required\" aria-required=\"true\" aria-invalid=\"false\" value=\"\" type=\"text\" name=\"urbo\" \/><\/span>\n<\/p>\n<p>E-mail\n<\/p>\n<p><span class=\"wpcf7-form-control-wrap\" data-name=\"retadreso\"><input size=\"40\" maxlength=\"400\" class=\"wpcf7-form-control wpcf7-email wpcf7-validates-as-required wpcf7-text wpcf7-validates-as-email\" aria-required=\"true\" aria-invalid=\"false\" value=\"\" type=\"email\" name=\"retadreso\" \/><\/span>\n<\/p>\n<p>Telefone<br \/>\n<span class=\"wpcf7-form-control-wrap\" data-name=\"telefono\"><input size=\"40\" maxlength=\"400\" class=\"wpcf7-form-control wpcf7-text wpcf7-validates-as-required\" aria-required=\"true\" aria-invalid=\"false\" value=\"\" type=\"text\" name=\"telefono\" \/><\/span>\n<\/p>\n<p>CPF\n<\/p>\n<p><span class=\"wpcf7-form-control-wrap\" data-name=\"copofo\"><input size=\"40\" maxlength=\"400\" class=\"wpcf7-form-control wpcf7-text wpcf7-validates-as-required\" aria-required=\"true\" aria-invalid=\"false\" placeholder=\"000.000.000-00\" value=\"\" type=\"text\" name=\"copofo\" \/><\/span>\n<\/p>\n<p>RG\n<\/p>\n<p><span class=\"wpcf7-form-control-wrap\" data-name=\"identigilo\"><input size=\"40\" maxlength=\"400\" class=\"wpcf7-form-control wpcf7-text\" aria-invalid=\"false\" value=\"\" type=\"text\" name=\"identigilo\" \/><\/span>\n<\/p>\n<p>Profiss\u00e3o\n<\/p>\n<p><span class=\"wpcf7-form-control-wrap\" data-name=\"profesio\"><input size=\"40\" maxlength=\"400\" class=\"wpcf7-form-control wpcf7-text wpcf7-validates-as-required\" aria-required=\"true\" aria-invalid=\"false\" value=\"\" type=\"text\" name=\"profesio\" \/><\/span>\n<\/p>\n<p>Data de Nascimento\n<\/p>\n<p><span class=\"wpcf7-form-control-wrap\" data-name=\"naskotago\"><input size=\"40\" maxlength=\"400\" class=\"wpcf7-form-control wpcf7-text wpcf7-validates-as-required\" aria-required=\"true\" aria-invalid=\"false\" placeholder=\"dd-mm-aaaa\" value=\"\" type=\"text\" name=\"naskotago\" \/><\/span>\n<\/p>\n<p>Categoria\n<\/p>\n<p><span class=\"wpcf7-form-control-wrap\" data-name=\"kategorio\"><select class=\"wpcf7-form-control wpcf7-select wpcf7-validates-as-required\" aria-required=\"true\" aria-invalid=\"false\" name=\"kategorio\"><option value=\"Selecione uma categoria\">Selecione uma categoria<\/option><option value=\"Membro Simples\">Membro Simples<\/option><option value=\"Membro do Interior\">Membro do Interior<\/option><option value=\"Membro Mantenedor\">Membro Mantenedor<\/option><option value=\"Membro Virtual\">Membro Virtual<\/option><option value=\"Grupo Adeso\">Grupo Adeso<\/option><\/select><\/span>\n<\/p>\n<div class=\"wpcf7-response-output\" aria-hidden=\"true\"><\/div>\n<p><input class=\"wpcf7-form-control wpcf7-submit has-spinner\" type=\"submit\" value=\"Enviar\" \/>\n<\/p>\n<\/form>\n<\/div>\n<\/div>\n\n\n\n<p><\/p>\n","protected":false},"excerpt":{"rendered":"<p>Ap\u00f3s responder o formul\u00e1rio abaixo, envie uma c\u00f3pia do comprovante de pagamento da respectiva anuidade para o e-mail &lt; financo@easp.org.br >. O pagamento pode ser feito pela chave-pix da Associa\u00e7\u00e3o Paulista de Esperanto (conta Bradesco): CNPJ 59.955.476\/0001-29. Caso j\u00e1 seja associado e nenhuma altera\u00e7\u00e3o ocorreu nos seus dados pessoais nos \u00faltimos 12 meses, poder\u00e1 dispensar &hellip; <\/p>\n<p class=\"link-more\"><a href=\"https:\/\/easp.org.br\/asocio\/filiacao-2026\/\" class=\"more-link\">Continue lendo<span class=\"screen-reader-text\"> &#8220;Filia\u00e7\u00e3o 2026&#8221;<\/span><\/a><\/p>\n","protected":false},"author":2,"featured_media":0,"parent":0,"menu_order":0,"comment_status":"closed","ping_status":"closed","template":"","meta":{"advgb_blocks_editor_width":"","advgb_blocks_columns_visual_guide":"","footnotes":""},"class_list":["post-4123","page","type-page","status-publish","hentry"],"coauthors":[],"author_meta":{"author_link":"https:\/\/easp.org.br\/asocio\/author\/redaktanto\/","display_name":"Redaktanto"},"relative_dates":{"created":"Publicado 4 anos atr\u00e1s","modified":"Atualizado 3 meses atr\u00e1s"},"absolute_dates":{"created":"Publicado em 31\/10\/2021","modified":"Atualizado em 03\/01\/2026"},"absolute_dates_time":{"created":"Publicado em 31\/10\/2021 14:53","modified":"Atualizado em 03\/01\/2026 07:53"},"featured_img_caption":"","featured_img":false,"series_order":"","_links":{"self":[{"href":"https:\/\/easp.org.br\/asocio\/wp-json\/wp\/v2\/pages\/4123"}],"collection":[{"href":"https:\/\/easp.org.br\/asocio\/wp-json\/wp\/v2\/pages"}],"about":[{"href":"https:\/\/easp.org.br\/asocio\/wp-json\/wp\/v2\/types\/page"}],"author":[{"embeddable":true,"href":"https:\/\/easp.org.br\/asocio\/wp-json\/wp\/v2\/users\/2"}],"replies":[{"embeddable":true,"href":"https:\/\/easp.org.br\/asocio\/wp-json\/wp\/v2\/comments?post=4123"}],"version-history":[{"count":19,"href":"https:\/\/easp.org.br\/asocio\/wp-json\/wp\/v2\/pages\/4123\/revisions"}],"predecessor-version":[{"id":5107,"href":"https:\/\/easp.org.br\/asocio\/wp-json\/wp\/v2\/pages\/4123\/revisions\/5107"}],"wp:attachment":[{"href":"https:\/\/easp.org.br\/asocio\/wp-json\/wp\/v2\/media?parent=4123"}],"curies":[{"name":"wp","href":"https:\/\/api.w.org\/{rel}","templated":true}]}}