{"id":3579,"date":"2020-02-04T22:07:29","date_gmt":"2020-02-05T00:07:29","guid":{"rendered":"http:\/\/easp.org.br\/asocio\/?page_id=3579"},"modified":"2025-08-19T14:23:49","modified_gmt":"2025-08-19T17:23:49","slug":"paroliga-rondo","status":"publish","type":"page","link":"https:\/\/easp.org.br\/asocio\/paroliga-rondo\/","title":{"rendered":"Curso expresso"},"content":{"rendered":"\n<div class=\"wp-block-media-text is-stacked-on-mobile\" style=\"grid-template-columns:30% auto\"><figure class=\"wp-block-media-text__media\"><img loading=\"lazy\" decoding=\"async\" width=\"562\" height=\"1000\" src=\"https:\/\/easp.org.br\/asocio\/wp-content\/uploads\/2025\/08\/Ekurso-1.png\" alt=\"\" class=\"wp-image-5068 size-full\" srcset=\"https:\/\/easp.org.br\/asocio\/wp-content\/uploads\/2025\/08\/Ekurso-1.png 562w, https:\/\/easp.org.br\/asocio\/wp-content\/uploads\/2025\/08\/Ekurso-1-169x300.png 169w\" sizes=\"(max-width: 562px) 100vw, 562px\" \/><\/figure><div class=\"wp-block-media-text__content\">\n<p>Ter\u00e1 in\u00edcio em setembro um curso expresso de Esperanto para iniciantes.<\/p>\n\n\n\n<p>As aulas acontecer\u00e3o aos s\u00e1bados de manh\u00e3, das 10h \u00e0s 12h, na sede da Associa\u00e7\u00e3o Paulista de Esperanto.<\/p>\n\n\n\n<p>O curso, gratuito e com dura\u00e7\u00e3o de 30 horas, ser\u00e1 ministrado pelo esperantista Thiago Ballestero , Vice-Presidente da Organiza\u00e7\u00e3o da Juventude Esperantista Brasileira (BEJO) e atual redator da revista Kontakto, \u00f3rg\u00e3o da Organiza\u00e7\u00e3o da Juventude Esperantista Mundial (TEJO).<\/p>\n\n\n\n<p>Para participar, basta preencher <a href=\"https:\/\/forms.gle\/DV9bdy85buQf4V6s8\" target=\"_blank\" rel=\"noreferrer noopener\">este formul\u00e1rio<\/a>.<\/p>\n\n\n\n<p>In\u00edcio: 13 de setembro 2025<br>T\u00e9rmino: 01 de novembro 2025<\/p>\n\n\n\n<p>Endere\u00e7o:<br>Rua Faustolo, 124 &#8211; \u00c1gua Branca, S\u00e3o Paulo<\/p>\n<\/div><\/div>\n","protected":false},"excerpt":{"rendered":"<p>Ter\u00e1 in\u00edcio em setembro um curso expresso de Esperanto para iniciantes. As aulas acontecer\u00e3o aos s\u00e1bados de manh\u00e3, das 10h \u00e0s 12h, na sede da Associa\u00e7\u00e3o Paulista de Esperanto. O curso, gratuito e com dura\u00e7\u00e3o de 30 horas, ser\u00e1 ministrado pelo esperantista Thiago Ballestero , Vice-Presidente da Organiza\u00e7\u00e3o da Juventude Esperantista Brasileira (BEJO) e atual &hellip; <\/p>\n<p class=\"link-more\"><a href=\"https:\/\/easp.org.br\/asocio\/paroliga-rondo\/\" class=\"more-link\">Continue lendo<span class=\"screen-reader-text\"> &#8220;Curso expresso&#8221;<\/span><\/a><\/p>\n","protected":false},"author":2,"featured_media":5069,"parent":0,"menu_order":0,"comment_status":"closed","ping_status":"closed","template":"","meta":{"advgb_blocks_editor_width":"","advgb_blocks_columns_visual_guide":"","footnotes":""},"class_list":["post-3579","page","type-page","status-publish","has-post-thumbnail","hentry"],"coauthors":[],"author_meta":{"author_link":"https:\/\/easp.org.br\/asocio\/author\/redaktanto\/","display_name":"Redaktanto"},"relative_dates":{"created":"Publicado 6 anos atr\u00e1s","modified":"Atualizado 9 meses atr\u00e1s"},"absolute_dates":{"created":"Publicado em 04\/02\/2020","modified":"Atualizado em 19\/08\/2025"},"absolute_dates_time":{"created":"Publicado em 04\/02\/2020 22:07","modified":"Atualizado em 19\/08\/2025 14:23"},"featured_img_caption":"","featured_img":"https:\/\/easp.org.br\/asocio\/wp-content\/uploads\/2025\/08\/fono-ekurso.png","series_order":"","_links":{"self":[{"href":"https:\/\/easp.org.br\/asocio\/wp-json\/wp\/v2\/pages\/3579"}],"collection":[{"href":"https:\/\/easp.org.br\/asocio\/wp-json\/wp\/v2\/pages"}],"about":[{"href":"https:\/\/easp.org.br\/asocio\/wp-json\/wp\/v2\/types\/page"}],"author":[{"embeddable":true,"href":"https:\/\/easp.org.br\/asocio\/wp-json\/wp\/v2\/users\/2"}],"replies":[{"embeddable":true,"href":"https:\/\/easp.org.br\/asocio\/wp-json\/wp\/v2\/comments?post=3579"}],"version-history":[{"count":7,"href":"https:\/\/easp.org.br\/asocio\/wp-json\/wp\/v2\/pages\/3579\/revisions"}],"predecessor-version":[{"id":5072,"href":"https:\/\/easp.org.br\/asocio\/wp-json\/wp\/v2\/pages\/3579\/revisions\/5072"}],"wp:featuredmedia":[{"embeddable":true,"href":"https:\/\/easp.org.br\/asocio\/wp-json\/wp\/v2\/media\/5069"}],"wp:attachment":[{"href":"https:\/\/easp.org.br\/asocio\/wp-json\/wp\/v2\/media?parent=3579"}],"curies":[{"name":"wp","href":"https:\/\/api.w.org\/{rel}","templated":true}]}}